{"id":11677,"date":"2025-08-03T12:44:44","date_gmt":"2025-08-03T12:44:44","guid":{"rendered":"https:\/\/aramiso-test.verteco.app\/?product=zamka-pre-sklenene-dvere-aisi304-vlozka-pz"},"modified":"2025-08-03T12:44:45","modified_gmt":"2025-08-03T12:44:45","slug":"zamka-pre-sklenene-dvere-aisi304-vlozka-pz","status":"publish","type":"product","link":"https:\/\/aramiso-test.verteco.app\/?product=zamka-pre-sklenene-dvere-aisi304-vlozka-pz","title":{"rendered":"Z\u00e1mka pre sklenen\u00e9 dvere AISI304 + vlo\u017eka PZ"},"content":{"rendered":"<p>Hranat\u00fd Z\u00e1mok s k\u013eu\u010dkou a FAB z\u00e1mkom na falcovan\u00fa z\u00e1rub\u0148u prevedenie PZ. pravo\/\u013eav\u00e1 pre dvere dnu\/von<\/p>\n","protected":false},"excerpt":{"rendered":"<p>Materi\u00e1l: Nerez AISI 304, Povrchov\u00e1 \u00faprava: Brus, Glass t: 8-12, Otvor v skle: \u00c1no<\/p>\n","protected":false},"featured_media":0,"comment_status":"closed","ping_status":"open","template":"","meta":[],"product_brand":[],"product_cat":[15],"product_tag":[],"class_list":{"0":"post-11677","1":"product","2":"type-product","3":"status-publish","5":"product_cat-uncategorized","7":"first","8":"onbackorder","9":"sale","10":"purchasable","11":"product-type-simple"},"_links":{"self":[{"href":"https:\/\/aramiso-test.verteco.app\/index.php?rest_route=\/wp\/v2\/product\/11677","targetHints":{"allow":["GET"]}}],"collection":[{"href":"https:\/\/aramiso-test.verteco.app\/index.php?rest_route=\/wp\/v2\/product"}],"about":[{"href":"https:\/\/aramiso-test.verteco.app\/index.php?rest_route=\/wp\/v2\/types\/product"}],"replies":[{"embeddable":true,"href":"https:\/\/aramiso-test.verteco.app\/index.php?rest_route=%2Fwp%2Fv2%2Fcomments&post=11677"}],"wp:attachment":[{"href":"https:\/\/aramiso-test.verteco.app\/index.php?rest_route=%2Fwp%2Fv2%2Fmedia&parent=11677"}],"wp:term":[{"taxonomy":"product_brand","embeddable":true,"href":"https:\/\/aramiso-test.verteco.app\/index.php?rest_route=%2Fwp%2Fv2%2Fproduct_brand&post=11677"},{"taxonomy":"product_cat","embeddable":true,"href":"https:\/\/aramiso-test.verteco.app\/index.php?rest_route=%2Fwp%2Fv2%2Fproduct_cat&post=11677"},{"taxonomy":"product_tag","embeddable":true,"href":"https:\/\/aramiso-test.verteco.app\/index.php?rest_route=%2Fwp%2Fv2%2Fproduct_tag&post=11677"}],"curies":[{"name":"wp","href":"https:\/\/api.w.org\/{rel}","templated":true}]}}