{"id":11669,"date":"2025-08-03T12:44:33","date_gmt":"2025-08-03T12:44:33","guid":{"rendered":"https:\/\/aramiso-test.verteco.app\/?product=madlo-aisi-304-k320-d32mm"},"modified":"2025-08-03T12:44:41","modified_gmt":"2025-08-03T12:44:41","slug":"madlo-aisi-304-k320-d32mm","status":"publish","type":"product","link":"https:\/\/aramiso-test.verteco.app\/?product=madlo-aisi-304-k320-d32mm","title":{"rendered":"Madlo AISI 304, K320, D32mm"},"content":{"rendered":"<p>nerezov\u00e9 brusen\u00e9 madlo pre sklenen\u00e9 dvere (p\u00e1r), v\u0155tanie otvoru do skla<\/p>\n","protected":false},"excerpt":{"rendered":"<p>Materi\u00e1l: Nerez AISI 304, Povrchov\u00e1 \u00faprava: Brus, D: 32, Otvor v skle: \u00c1no<\/p>\n","protected":false},"featured_media":0,"comment_status":"closed","ping_status":"open","template":"","meta":[],"product_brand":[],"product_cat":[15],"product_tag":[],"class_list":{"0":"post-11669","1":"product","2":"type-product","3":"status-publish","5":"product_cat-uncategorized","7":"first","8":"onbackorder","9":"sale","10":"purchasable","11":"product-type-simple"},"_links":{"self":[{"href":"https:\/\/aramiso-test.verteco.app\/index.php?rest_route=\/wp\/v2\/product\/11669","targetHints":{"allow":["GET"]}}],"collection":[{"href":"https:\/\/aramiso-test.verteco.app\/index.php?rest_route=\/wp\/v2\/product"}],"about":[{"href":"https:\/\/aramiso-test.verteco.app\/index.php?rest_route=\/wp\/v2\/types\/product"}],"replies":[{"embeddable":true,"href":"https:\/\/aramiso-test.verteco.app\/index.php?rest_route=%2Fwp%2Fv2%2Fcomments&post=11669"}],"wp:attachment":[{"href":"https:\/\/aramiso-test.verteco.app\/index.php?rest_route=%2Fwp%2Fv2%2Fmedia&parent=11669"}],"wp:term":[{"taxonomy":"product_brand","embeddable":true,"href":"https:\/\/aramiso-test.verteco.app\/index.php?rest_route=%2Fwp%2Fv2%2Fproduct_brand&post=11669"},{"taxonomy":"product_cat","embeddable":true,"href":"https:\/\/aramiso-test.verteco.app\/index.php?rest_route=%2Fwp%2Fv2%2Fproduct_cat&post=11669"},{"taxonomy":"product_tag","embeddable":true,"href":"https:\/\/aramiso-test.verteco.app\/index.php?rest_route=%2Fwp%2Fv2%2Fproduct_tag&post=11669"}],"curies":[{"name":"wp","href":"https:\/\/api.w.org\/{rel}","templated":true}]}}