{"id":11652,"date":"2025-08-25T11:24:27","date_gmt":"2025-08-25T11:24:27","guid":{"rendered":"https:\/\/aramiso-test.verteco.app\/?product=madlo-bruseny-lesk-nerez-aisi304-k320-h600-d3"},"modified":"2025-08-25T11:24:28","modified_gmt":"2025-08-25T11:24:28","slug":"madlo-bruseny-lesk-nerez-aisi304-k320-h600-d3","status":"publish","type":"product","link":"https:\/\/aramiso-test.verteco.app\/?product=madlo-bruseny-lesk-nerez-aisi304-k320-h600-d3","title":{"rendered":"Madlo &#8211; brusen\u00fd \/Lesk nerez AISI304, K320, H600\/D3"},"content":{"rendered":"<p>Madlo &#8211; brusen\u00fd \/Lesk nerez pre otv\u00e1rave a pos\u00favne sklenen\u00e9 dvere. Celkov\u00e1 dl\u017eka 600mm , rozte\u010d dier 570mm,priemer madla 30mm, priemer pre dieru 12mm.<\/p>\n","protected":false},"excerpt":{"rendered":"<p>Materi\u00e1l: Nerez AISI 304, Povrchov\u00e1 \u00faprava: Brus, D: 25<\/p>\n","protected":false},"featured_media":0,"comment_status":"closed","ping_status":"open","template":"","meta":[],"product_brand":[],"product_cat":[15],"product_tag":[],"class_list":{"0":"post-11652","1":"product","2":"type-product","3":"status-publish","5":"product_cat-uncategorized","7":"first","8":"instock","9":"sale","10":"purchasable","11":"product-type-simple"},"_links":{"self":[{"href":"https:\/\/aramiso-test.verteco.app\/index.php?rest_route=\/wp\/v2\/product\/11652","targetHints":{"allow":["GET"]}}],"collection":[{"href":"https:\/\/aramiso-test.verteco.app\/index.php?rest_route=\/wp\/v2\/product"}],"about":[{"href":"https:\/\/aramiso-test.verteco.app\/index.php?rest_route=\/wp\/v2\/types\/product"}],"replies":[{"embeddable":true,"href":"https:\/\/aramiso-test.verteco.app\/index.php?rest_route=%2Fwp%2Fv2%2Fcomments&post=11652"}],"wp:attachment":[{"href":"https:\/\/aramiso-test.verteco.app\/index.php?rest_route=%2Fwp%2Fv2%2Fmedia&parent=11652"}],"wp:term":[{"taxonomy":"product_brand","embeddable":true,"href":"https:\/\/aramiso-test.verteco.app\/index.php?rest_route=%2Fwp%2Fv2%2Fproduct_brand&post=11652"},{"taxonomy":"product_cat","embeddable":true,"href":"https:\/\/aramiso-test.verteco.app\/index.php?rest_route=%2Fwp%2Fv2%2Fproduct_cat&post=11652"},{"taxonomy":"product_tag","embeddable":true,"href":"https:\/\/aramiso-test.verteco.app\/index.php?rest_route=%2Fwp%2Fv2%2Fproduct_tag&post=11652"}],"curies":[{"name":"wp","href":"https:\/\/api.w.org\/{rel}","templated":true}]}}