{"id":11605,"date":"2025-08-05T11:08:14","date_gmt":"2025-08-05T11:08:14","guid":{"rendered":"https:\/\/aramiso-test.verteco.app\/?product=uchyt-slim-na-stlpik-jp-plast-ral-6005"},"modified":"2025-08-05T11:08:19","modified_gmt":"2025-08-05T11:08:19","slug":"uchyt-slim-na-stlpik-jp-plast-ral-6005","status":"publish","type":"product","link":"https:\/\/aramiso-test.verteco.app\/?product=uchyt-slim-na-stlpik-jp-plast-ral-6005","title":{"rendered":"\u00dachyt SLIM na st\u013apik JP Plast RAL 6005"},"content":{"rendered":"","protected":false},"excerpt":{"rendered":"<p>Materi\u00e1l: PVC, Vzh\u013ead: Zelen\u00e1 RAL 6005<\/p>\n","protected":false},"featured_media":0,"comment_status":"closed","ping_status":"open","template":"","meta":[],"product_brand":[],"product_cat":[15],"product_tag":[],"class_list":{"0":"post-11605","1":"product","2":"type-product","3":"status-publish","5":"product_cat-uncategorized","7":"first","8":"instock","9":"sale","10":"purchasable","11":"product-type-simple"},"_links":{"self":[{"href":"https:\/\/aramiso-test.verteco.app\/index.php?rest_route=\/wp\/v2\/product\/11605","targetHints":{"allow":["GET"]}}],"collection":[{"href":"https:\/\/aramiso-test.verteco.app\/index.php?rest_route=\/wp\/v2\/product"}],"about":[{"href":"https:\/\/aramiso-test.verteco.app\/index.php?rest_route=\/wp\/v2\/types\/product"}],"replies":[{"embeddable":true,"href":"https:\/\/aramiso-test.verteco.app\/index.php?rest_route=%2Fwp%2Fv2%2Fcomments&post=11605"}],"wp:attachment":[{"href":"https:\/\/aramiso-test.verteco.app\/index.php?rest_route=%2Fwp%2Fv2%2Fmedia&parent=11605"}],"wp:term":[{"taxonomy":"product_brand","embeddable":true,"href":"https:\/\/aramiso-test.verteco.app\/index.php?rest_route=%2Fwp%2Fv2%2Fproduct_brand&post=11605"},{"taxonomy":"product_cat","embeddable":true,"href":"https:\/\/aramiso-test.verteco.app\/index.php?rest_route=%2Fwp%2Fv2%2Fproduct_cat&post=11605"},{"taxonomy":"product_tag","embeddable":true,"href":"https:\/\/aramiso-test.verteco.app\/index.php?rest_route=%2Fwp%2Fv2%2Fproduct_tag&post=11605"}],"curies":[{"name":"wp","href":"https:\/\/api.w.org\/{rel}","templated":true}]}}