{"id":11543,"date":"2025-08-31T11:08:33","date_gmt":"2025-08-31T11:08:33","guid":{"rendered":"https:\/\/aramiso-test.verteco.app\/?product=objimka-koncova-na-stlpik-znpvc-d75mm-zelena"},"modified":"2025-08-31T11:08:34","modified_gmt":"2025-08-31T11:08:34","slug":"objimka-koncova-na-stlpik-znpvc-d75mm-zelena","status":"publish","type":"product","link":"https:\/\/aramiso-test.verteco.app\/?product=objimka-koncova-na-stlpik-znpvc-d75mm-zelena","title":{"rendered":"Obj\u00edmka koncov\u00e1 na st\u013apik ZnPVC D75mm zelen\u00e1"},"content":{"rendered":"","protected":false},"excerpt":{"rendered":"<p>Obj\u00edmka koncov\u00e1 na okr\u00fahly st\u013apik D75mm.<br \/>\nPovrchov\u00e1 \u00faprava: Zn + RAL 6005 zelen\u00e1.<br \/>\nPlastov\u00fd vymedzova\u010d ur\u010den\u00fd pre zv\u00e1ran\u00fd panel s priemerom dr\u00f4tu 4mm.<\/p>\n","protected":false},"featured_media":0,"comment_status":"closed","ping_status":"open","template":"","meta":[],"product_brand":[],"product_cat":[15],"product_tag":[],"class_list":{"0":"post-11543","1":"product","2":"type-product","3":"status-publish","5":"product_cat-uncategorized","7":"first","8":"onbackorder","9":"sale","10":"purchasable","11":"product-type-simple"},"_links":{"self":[{"href":"https:\/\/aramiso-test.verteco.app\/index.php?rest_route=\/wp\/v2\/product\/11543","targetHints":{"allow":["GET"]}}],"collection":[{"href":"https:\/\/aramiso-test.verteco.app\/index.php?rest_route=\/wp\/v2\/product"}],"about":[{"href":"https:\/\/aramiso-test.verteco.app\/index.php?rest_route=\/wp\/v2\/types\/product"}],"replies":[{"embeddable":true,"href":"https:\/\/aramiso-test.verteco.app\/index.php?rest_route=%2Fwp%2Fv2%2Fcomments&post=11543"}],"wp:attachment":[{"href":"https:\/\/aramiso-test.verteco.app\/index.php?rest_route=%2Fwp%2Fv2%2Fmedia&parent=11543"}],"wp:term":[{"taxonomy":"product_brand","embeddable":true,"href":"https:\/\/aramiso-test.verteco.app\/index.php?rest_route=%2Fwp%2Fv2%2Fproduct_brand&post=11543"},{"taxonomy":"product_cat","embeddable":true,"href":"https:\/\/aramiso-test.verteco.app\/index.php?rest_route=%2Fwp%2Fv2%2Fproduct_cat&post=11543"},{"taxonomy":"product_tag","embeddable":true,"href":"https:\/\/aramiso-test.verteco.app\/index.php?rest_route=%2Fwp%2Fv2%2Fproduct_tag&post=11543"}],"curies":[{"name":"wp","href":"https:\/\/api.w.org\/{rel}","templated":true}]}}