{"id":11541,"date":"2025-10-26T12:36:02","date_gmt":"2025-10-26T12:36:02","guid":{"rendered":"https:\/\/aramiso-test.verteco.app\/?product=branka-1kr-2d-box-znpvc-1000x1700mm-ral-7016-antracit"},"modified":"2025-10-26T12:36:09","modified_gmt":"2025-10-26T12:36:09","slug":"branka-1kr-2d-box-znpvc-1000x1700mm-ral-7016-antracit","status":"publish","type":"product","link":"https:\/\/aramiso-test.verteco.app\/?product=branka-1kr-2d-box-znpvc-1000x1700mm-ral-7016-antracit","title":{"rendered":"Br\u00e1nka 1kr. 2D BOX ZnPVC 1000x1700mm RAL 7016 antracit"},"content":{"rendered":"<div>V\u00fdpl\u0148 br\u00e1nky tvor\u00ed zv\u00e1ran\u00fd panel 2D 5\/4\/5 s rozmerom oka 200x50mm. V\u00fd\u0161ka br\u00e1nky 1700mm. \u0160\u00edrka br\u00e1nky 1000mm (samostatn\u00e9 kr\u00eddlo br\u00e1nky 900mm). Profil r\u00e1mu 40x40x1,5mm. <br \/>\nV\u00fd\u0161ka st\u013apikov 2400mm. Profil st\u013apikov 60x60x2mm. Povrchov\u00e1 \u00faprava: zinok + RAL 7016 antracit. <br \/>\nS\u00fa\u010das\u0165ou balenia je aj kompletn\u00e1 z\u00e1mkov\u00e1 \u010das\u0165, cylindrick\u00e1 vlo\u017eka s k\u013e\u00fa\u010dom, doraz br\u00e1nky a k\u013eu\u010dka. <br \/>\nPre jednoduch\u00fa manipul\u00e1ciu s\u00fa st\u013apiky balen\u00e9 v krabici osobitne. <br \/>\nPrechodov\u00e1 \u0161\u00edrka 970mm. <\/p>\n<p>VLASTNOSTI PRODUKTU<br \/>\n<br \/>\nNa\u0161e kovov\u00e9 br\u00e1nky s\u00fa vyroben\u00e9 z odoln\u00fdch materi\u00e1lov, ktor\u00e9 zaru\u010duj\u00fa, \u017ee vydr\u017eia dlh\u00e9 roky. Elegantn\u00fd dizajn a jednoduch\u00fd vzh\u013ead t\u00fdchto br\u00e1nok z nich rob\u00ed ide\u00e1lnu vo\u013ebu pre reziden\u010dn\u00e9 aj komer\u010dn\u00e9 nehnute\u013enosti. \u010ci u\u017e si chcete zriadi\u0165 modern\u00fd vstup na ihrisko, z\u00e1hradu alebo aj minimalistick\u00fd vstup k v\u00e1\u0161mu dvoru alebo firme, t\u00e1to br\u00e1nka napln\u00ed va\u0161e o\u010dak\u00e1vania.<br \/>\n <br \/>\nOkrem vysokej kvality s\u00fa tieto br\u00e1ny cenovo prijate\u013en\u00e9, v\u010faka \u010domu s\u00fa dostupn\u00e9 \u0161irok\u00e9mu spektru z\u00e1kazn\u00edkov.<br \/>\n <br \/>\nDETAILY PRODUKTU<br \/>\n <br \/>\nJedn\u00fdm z hlavn\u00fdch prvkov tejto br\u00e1nky je v\u00fdpl\u0148 tvoren\u00e1 zv\u00e1ran\u00fdm panelom, ktor\u00fd poskytuje dostato\u010dn\u00fa pevnos\u0165 a odolnos\u0165. V\u00fdpl\u0148 zachov\u00e1va estetiku a transparentnos\u0165, no tie\u017e prispieva k priepustnosti vzduchu a svetla, \u010do je d\u00f4le\u017eit\u00e9 najm\u00e4 pre z\u00e1hradn\u00e9 prostredie.<br \/>\n <br \/>\nBr\u00e1nky s\u00fa pozinkovan\u00e9 a striekan\u00e9 pr\u00e1\u0161kovou farbou, ktor\u00e1 zaru\u010duje dlhodob\u00fa ochranu pred kor\u00f3ziou a poveternostn\u00fdmi vplyvmi. V\u010faka tejto povrchovej \u00faprave si br\u00e1nka zachov\u00e1va svoj vzh\u013ead aj pri dlhodobom pou\u017e\u00edvan\u00ed.<br \/>\n<br \/>\nZ na\u0161ej ponuky si m\u00f4\u017eete vybra\u0165 farebn\u00e9 varianty: zelen\u00e1 RAL6005, antracit RAL7016 a \u010dierna matn\u00e1 RAL9005. V\u00fd\u0161ka br\u00e1nky sa pohybuje od 1000 mm do 2000 mm. \u0160\u00edrka br\u00e1nky je \u0161tandardne 1000 mm. <br \/>\nPred in\u0161tal\u00e1ciou br\u00e1nky si pros\u00edm skontrolujte prechodov\u00e9 a osov\u00e9 rozmery, ktor\u00e9 sa m\u00f4\u017eu l\u00ed\u0161i\u0165 v z\u00e1vislosti od typu kr\u00eddla, z\u00e1vesov a z\u00e1mkovej \u010dasti. S\u00fa\u010das\u0165ou br\u00e1nky je aj kompletn\u00e1 z\u00e1mkov\u00e1 \u010das\u0165, k\u013eu\u010dka, cylinder s k\u013e\u00fa\u010dmi, doraz a p\u00e1nty.<br \/>\n<br \/>\nDOPLNKOV\u00c9 INFORM\u00c1CIE<br \/>\n<br \/>\nBr\u00e1nky s\u00fa obojstrann\u00e9 (prav\u00e1\/\u013eav\u00e1) a v\u00fdber smeru otv\u00e1rania je prisp\u00f4soben\u00fd va\u0161im preferenci\u00e1m. Sta\u010d\u00ed oto\u010di\u0165 z\u00e1mok a doraz.<br \/>\nPri mont\u00e1\u017ei oplotenia na st\u013apik br\u00e1nky odpor\u00fa\u010dame pou\u017ei\u0165 pr\u00edchytku typu Strong.<br \/>\n<br \/>\nBr\u00e1nka je dod\u00e1van\u00e1 s pred\u013a\u017een\u00fdmi st\u013apikmi, ktor\u00e9 pri bet\u00f3novan\u00ed do zeme poskytn\u00fa dostato\u010dn\u00fa stabilitu.<br \/>\n<br \/>\nNech u\u017e h\u013ead\u00e1te estetick\u00e9 doplnenie pre va\u0161u z\u00e1hradu alebo praktick\u00e9 rie\u0161enie pre zabezpe\u010denie va\u0161ej nehnute\u013enosti, oce\u013eov\u00e1 br\u00e1nka je skvelou vo\u013ebou.<\/div>\n","protected":false},"excerpt":{"rendered":"<p>V\u00fdpl\u0148 br\u00e1nky tvor\u00ed zv\u00e1ran\u00fd panel 2D 5\/4\/5 s rozmerom oka 200x50mm. V\u00fd\u0161ka br\u00e1nky 1700mm. \u0160\u00edrka br\u00e1nky 1000mm (samostatn\u00e9 kr\u00eddlo br\u00e1nky 900mm). Profil r\u00e1mu 40x40x1,5mm. V\u00fd\u0161ka st\u013apikov 2400mm. Profil st\u013apikov 60x60x2mm. Povrchov\u00e1 \u00faprava: zinok + RAL 7016 antracit. S\u00fa\u010das\u0165ou balenia je aj kompletn\u00e1 z\u00e1mkov\u00e1 \u010das\u0165, cylindrick\u00e1 vlo\u017eka s k\u013e\u00fa\u010dom, doraz br\u00e1nky a k\u013eu\u010dka. Pre jednoduch\u00fa manipul\u00e1ciu [&hellip;]<\/p>\n","protected":false},"featured_media":0,"comment_status":"closed","ping_status":"open","template":"","meta":[],"product_brand":[],"product_cat":[15],"product_tag":[],"class_list":{"0":"post-11541","1":"product","2":"type-product","3":"status-publish","5":"product_cat-uncategorized","7":"first","8":"onbackorder","9":"sale","10":"purchasable","11":"product-type-simple"},"_links":{"self":[{"href":"https:\/\/aramiso-test.verteco.app\/index.php?rest_route=\/wp\/v2\/product\/11541","targetHints":{"allow":["GET"]}}],"collection":[{"href":"https:\/\/aramiso-test.verteco.app\/index.php?rest_route=\/wp\/v2\/product"}],"about":[{"href":"https:\/\/aramiso-test.verteco.app\/index.php?rest_route=\/wp\/v2\/types\/product"}],"replies":[{"embeddable":true,"href":"https:\/\/aramiso-test.verteco.app\/index.php?rest_route=%2Fwp%2Fv2%2Fcomments&post=11541"}],"wp:attachment":[{"href":"https:\/\/aramiso-test.verteco.app\/index.php?rest_route=%2Fwp%2Fv2%2Fmedia&parent=11541"}],"wp:term":[{"taxonomy":"product_brand","embeddable":true,"href":"https:\/\/aramiso-test.verteco.app\/index.php?rest_route=%2Fwp%2Fv2%2Fproduct_brand&post=11541"},{"taxonomy":"product_cat","embeddable":true,"href":"https:\/\/aramiso-test.verteco.app\/index.php?rest_route=%2Fwp%2Fv2%2Fproduct_cat&post=11541"},{"taxonomy":"product_tag","embeddable":true,"href":"https:\/\/aramiso-test.verteco.app\/index.php?rest_route=%2Fwp%2Fv2%2Fproduct_tag&post=11541"}],"curies":[{"name":"wp","href":"https:\/\/api.w.org\/{rel}","templated":true}]}}