{"id":11535,"date":"2025-10-26T12:36:02","date_gmt":"2025-10-26T12:36:02","guid":{"rendered":"https:\/\/aramiso-test.verteco.app\/?product=branka-1kr-square-znpvc-1000x1200mm-antracit"},"modified":"2025-10-26T12:36:06","modified_gmt":"2025-10-26T12:36:06","slug":"branka-1kr-square-znpvc-1000x1200mm-antracit","status":"publish","type":"product","link":"https:\/\/aramiso-test.verteco.app\/?product=branka-1kr-square-znpvc-1000x1200mm-antracit","title":{"rendered":"Br\u00e1nka 1kr. SQUARE ZnPVC 1000x1200mm antracit"},"content":{"rendered":"<p><span style=\"text-align: left; color: rgb(11, 64, 51); text-transform: none; text-indent: 0px; letter-spacing: normal; font-family: Ubuntu, sans-serif; font-size: 16px; font-style: normal; font-weight: 100; word-spacing: 0px; float: none; display: inline !important; white-space: normal; orphans: 2; widows: 2; background-color: rgb(248, 248, 248); font-variant-ligatures: normal; font-variant-caps: normal; -webkit-text-stroke-width: 0px; text-decoration-thickness: initial; text-decoration-style: initial; text-decoration-color: initial;\"><font face=\"Times New Roman\" size=\"3\">V\u00fdpl\u0148 br\u00e1nky zv\u00e1ran\u00e1 sie\u0165. Rozmer oka 200x50mm. Priemer dr\u00f4tu 4mm. Profil st\u013apikov 60x60x2mm.V\u00fd\u0161ka st\u013apikov 1700mm.Profil r\u00e1mu 40x40x1,5mm.Povrchov\u00e1 \u00faprava: zinok + RAL 7016 antracit.S\u00fa\u010das\u0165ou balenia je aj z\u00e1mkova \u010das\u0165 a k\u013eu\u010dka.<\/font><\/span><\/p>\n","protected":false},"excerpt":{"rendered":"<p>Materi\u00e1l: Oce\u013e, Povrchov\u00e1 \u00faprava: Zn+PVC, Vzh\u013ead: Antracit RAL7016<\/p>\n","protected":false},"featured_media":0,"comment_status":"closed","ping_status":"open","template":"","meta":[],"product_brand":[],"product_cat":[15],"product_tag":[],"class_list":{"0":"post-11535","1":"product","2":"type-product","3":"status-publish","5":"product_cat-uncategorized","7":"first","8":"onbackorder","9":"sale","10":"purchasable","11":"product-type-simple"},"_links":{"self":[{"href":"https:\/\/aramiso-test.verteco.app\/index.php?rest_route=\/wp\/v2\/product\/11535","targetHints":{"allow":["GET"]}}],"collection":[{"href":"https:\/\/aramiso-test.verteco.app\/index.php?rest_route=\/wp\/v2\/product"}],"about":[{"href":"https:\/\/aramiso-test.verteco.app\/index.php?rest_route=\/wp\/v2\/types\/product"}],"replies":[{"embeddable":true,"href":"https:\/\/aramiso-test.verteco.app\/index.php?rest_route=%2Fwp%2Fv2%2Fcomments&post=11535"}],"wp:attachment":[{"href":"https:\/\/aramiso-test.verteco.app\/index.php?rest_route=%2Fwp%2Fv2%2Fmedia&parent=11535"}],"wp:term":[{"taxonomy":"product_brand","embeddable":true,"href":"https:\/\/aramiso-test.verteco.app\/index.php?rest_route=%2Fwp%2Fv2%2Fproduct_brand&post=11535"},{"taxonomy":"product_cat","embeddable":true,"href":"https:\/\/aramiso-test.verteco.app\/index.php?rest_route=%2Fwp%2Fv2%2Fproduct_cat&post=11535"},{"taxonomy":"product_tag","embeddable":true,"href":"https:\/\/aramiso-test.verteco.app\/index.php?rest_route=%2Fwp%2Fv2%2Fproduct_tag&post=11535"}],"curies":[{"name":"wp","href":"https:\/\/api.w.org\/{rel}","templated":true}]}}