{"id":11514,"date":"2025-10-26T12:35:01","date_gmt":"2025-10-26T12:35:01","guid":{"rendered":"https:\/\/aramiso-test.verteco.app\/?product=vzpera-d38mm-znpvc-1500mm-zelena-2"},"modified":"2025-10-26T12:35:04","modified_gmt":"2025-10-26T12:35:04","slug":"vzpera-d38mm-znpvc-1500mm-zelena-2","status":"publish","type":"product","link":"https:\/\/aramiso-test.verteco.app\/?product=vzpera-d38mm-znpvc-1500mm-zelena-2","title":{"rendered":"Vzpera D38mm ZnPVC 1500mm zelen\u00e1"},"content":{"rendered":"<p>Priemer vzpery: 38mm.<br \/>\nHr\u00fabka steny: 1,25mm.<br \/>\nV\u00fd\u0161ka: 1500mm.<br \/>\nPovrchov\u00e1 \u00faprava: Zn + RAL6005 zelen\u00e1.<br \/>\nObr\u00e1zok je len ilustra\u010dn\u00fd.<\/p>\n","protected":false},"excerpt":{"rendered":"<p>Materi\u00e1l: Oce\u013e, Povrchov\u00e1 \u00faprava: Zn+PVC, Vzh\u013ead: Zelen\u00e1 RAL 6005, L: 1500<\/p>\n","protected":false},"featured_media":0,"comment_status":"closed","ping_status":"open","template":"","meta":[],"product_brand":[],"product_cat":[15],"product_tag":[],"class_list":{"0":"post-11514","1":"product","2":"type-product","3":"status-publish","5":"product_cat-uncategorized","7":"first","8":"instock","9":"sale","10":"purchasable","11":"product-type-simple"},"_links":{"self":[{"href":"https:\/\/aramiso-test.verteco.app\/index.php?rest_route=\/wp\/v2\/product\/11514","targetHints":{"allow":["GET"]}}],"collection":[{"href":"https:\/\/aramiso-test.verteco.app\/index.php?rest_route=\/wp\/v2\/product"}],"about":[{"href":"https:\/\/aramiso-test.verteco.app\/index.php?rest_route=\/wp\/v2\/types\/product"}],"replies":[{"embeddable":true,"href":"https:\/\/aramiso-test.verteco.app\/index.php?rest_route=%2Fwp%2Fv2%2Fcomments&post=11514"}],"wp:attachment":[{"href":"https:\/\/aramiso-test.verteco.app\/index.php?rest_route=%2Fwp%2Fv2%2Fmedia&parent=11514"}],"wp:term":[{"taxonomy":"product_brand","embeddable":true,"href":"https:\/\/aramiso-test.verteco.app\/index.php?rest_route=%2Fwp%2Fv2%2Fproduct_brand&post=11514"},{"taxonomy":"product_cat","embeddable":true,"href":"https:\/\/aramiso-test.verteco.app\/index.php?rest_route=%2Fwp%2Fv2%2Fproduct_cat&post=11514"},{"taxonomy":"product_tag","embeddable":true,"href":"https:\/\/aramiso-test.verteco.app\/index.php?rest_route=%2Fwp%2Fv2%2Fproduct_tag&post=11514"}],"curies":[{"name":"wp","href":"https:\/\/api.w.org\/{rel}","templated":true}]}}