{"id":11449,"date":"2025-08-05T11:04:53","date_gmt":"2025-08-05T11:04:53","guid":{"rendered":"https:\/\/aramiso-test.verteco.app\/?product=wpc-podlahova-doska-138x23x4000mm-siva-svetlosiva"},"modified":"2025-08-05T11:04:59","modified_gmt":"2025-08-05T11:04:59","slug":"wpc-podlahova-doska-138x23x4000mm-siva-svetlosiva","status":"publish","type":"product","link":"https:\/\/aramiso-test.verteco.app\/?product=wpc-podlahova-doska-138x23x4000mm-siva-svetlosiva","title":{"rendered":"WPC podlahov\u00e1 doska 138x23x4000mm, Siv\u00e1\/Svetlosiv\u00e1"},"content":{"rendered":"<p>D\u013a\u017eka 4000mm.<br \/>\n\u0160\u00edrka 138mm.<br \/>\nHr\u00fabka 23mm.<br \/>\nFarba: Siv\u00e1 \/ Svetlosiv\u00e1<br \/>\nWPC Obojstrann\u00e1 podlahov\u00e1 doska so vzorom dreva.<br \/>\nMateri\u00e1l 60% dreven\u00e9 vl\u00e1kno, 30% HDPE, 10% UV stabiliz\u00e1tory a pr\u00edsady.<br \/>\n<br \/>\nDETAIL PRODUKTU<br \/>\n<br \/>\nDrevoplastov\u00e9 materi\u00e1ly s\u00fa popul\u00e1rne kv\u00f4li svojej bez\u00fadr\u017ebovosti. Nach\u00e1dzaj\u00fa uplatnenie v\u0161ade tam, kde m\u00e1 by\u0165 pou\u017eit\u00fd dreven\u00fd vzh\u013ead, ale klimatick\u00e9, alebo in\u00e9 podmienky pou\u017eitie dreva komplikuj\u00fa pre jeho n\u00e1ro\u010dnos\u0165 na \u00fadr\u017ebu. Drevoplastov\u00e9 kompozitn\u00e9 dosky (WPC) sa v\u010faka svoj\u00edm vynikaj\u00facim vlastnostiam v\u00fdborne hodia pre podlahy ter\u00e1s a z\u00e1hradn\u00fdch poseden\u00ed.<br \/>\n<br \/>\nVLASTNOSTI PRODUKTU<br \/>\n<br \/>\nWPC doska obsahuje recyklovan\u00e9 dreven\u00e9 vl\u00e1kna 60%, plastov\u00fd materi\u00e1l HDPE (High Density PolyEthylen) 30% a 10% UV stabiliz\u00e1torov a pr\u00edsad, tak\u017ee pri v\u00fdrobe WPC dosky nie je vyrezan\u00fd \u017eiadny strom.<br \/>\n<br \/>\nWPC doska je v\u010faka svojmu zlo\u017eeniu bez\u00fadr\u017ebov\u00e1, odol\u00e1va nepriazniv\u00e9mu po\u010dasiu a \u013eahko sa montuje. Ve\u013ek\u00fdm benefitom drevoplastu je, \u017ee pri mont\u00e1\u017ei dosiek nepotrebujete ma\u0165 k dispoz\u00edcii odborn\u00edka, nako\u013eko ide o jednoduch\u00fd \u00fakon, ktor\u00fd zvl\u00e1dne ka\u017ed\u00fd \u0161ikovn\u00fd \u010dlovek. Drevoplast je v\u00fdbornou vo\u013ebou pre \u013eud\u00ed, ktor\u00ed chc\u00fa ma\u0165 doma podlahu podobaj\u00facu sa pr\u00edrodn\u00e9mu drevu, ktor\u00e9 je ekonomicky n\u00e1ro\u010dnej\u0161ie a m\u00e1 aj svoje nev\u00fdhody, ak\u00fdmi s\u00fa: strata farby, hniloba, pravideln\u00e9 drah\u00e9 o\u0161etrovanie, n\u00e1tery, vznik triesok, nasiakavos\u0165 vlhkosti a in\u00e9. Pri WPC dosk\u00e1ch sa v\u0161ak tejto n\u00e1strahy b\u00e1\u0165 nemus\u00edte.<\/p>\n","protected":false},"excerpt":{"rendered":"<p>Materi\u00e1l: Drevoplast, Vzh\u013ead: Siv\u00e1\/Svetlosiv\u00e1, L: 4000<\/p>\n","protected":false},"featured_media":0,"comment_status":"closed","ping_status":"open","template":"","meta":[],"product_brand":[],"product_cat":[15],"product_tag":[],"class_list":{"0":"post-11449","1":"product","2":"type-product","3":"status-publish","5":"product_cat-uncategorized","7":"first","8":"onbackorder","9":"sale","10":"purchasable","11":"product-type-simple"},"_links":{"self":[{"href":"https:\/\/aramiso-test.verteco.app\/index.php?rest_route=\/wp\/v2\/product\/11449","targetHints":{"allow":["GET"]}}],"collection":[{"href":"https:\/\/aramiso-test.verteco.app\/index.php?rest_route=\/wp\/v2\/product"}],"about":[{"href":"https:\/\/aramiso-test.verteco.app\/index.php?rest_route=\/wp\/v2\/types\/product"}],"replies":[{"embeddable":true,"href":"https:\/\/aramiso-test.verteco.app\/index.php?rest_route=%2Fwp%2Fv2%2Fcomments&post=11449"}],"wp:attachment":[{"href":"https:\/\/aramiso-test.verteco.app\/index.php?rest_route=%2Fwp%2Fv2%2Fmedia&parent=11449"}],"wp:term":[{"taxonomy":"product_brand","embeddable":true,"href":"https:\/\/aramiso-test.verteco.app\/index.php?rest_route=%2Fwp%2Fv2%2Fproduct_brand&post=11449"},{"taxonomy":"product_cat","embeddable":true,"href":"https:\/\/aramiso-test.verteco.app\/index.php?rest_route=%2Fwp%2Fv2%2Fproduct_cat&post=11449"},{"taxonomy":"product_tag","embeddable":true,"href":"https:\/\/aramiso-test.verteco.app\/index.php?rest_route=%2Fwp%2Fv2%2Fproduct_tag&post=11449"}],"curies":[{"name":"wp","href":"https:\/\/api.w.org\/{rel}","templated":true}]}}