{"id":11421,"date":"2025-08-28T11:06:55","date_gmt":"2025-08-28T11:06:55","guid":{"rendered":"https:\/\/aramiso-test.verteco.app\/?product=zvarany-plotovy-panel-n2d-2500x1830mm-d5-4-5mm-antracit"},"modified":"2025-08-28T11:07:00","modified_gmt":"2025-08-28T11:07:00","slug":"zvarany-plotovy-panel-n2d-2500x1830mm-d5-4-5mm-antracit","status":"publish","type":"product","link":"https:\/\/aramiso-test.verteco.app\/?product=zvarany-plotovy-panel-n2d-2500x1830mm-d5-4-5mm-antracit","title":{"rendered":"Zv\u00e1ran\u00fd plotov\u00fd panel N2D 2500x1830mm D5\/4\/5mm antracit"},"content":{"rendered":"","protected":false},"excerpt":{"rendered":"<p>Materi\u00e1l: Oce\u013e, Povrchov\u00e1 \u00faprava: Zn+PVC, Vzh\u013ead: Antracit RAL7016, L: 1830, L1: 2490, D: 5\/4\/5<\/p>\n","protected":false},"featured_media":0,"comment_status":"closed","ping_status":"open","template":"","meta":[],"product_brand":[],"product_cat":[15],"product_tag":[],"class_list":{"0":"post-11421","1":"product","2":"type-product","3":"status-publish","5":"product_cat-uncategorized","7":"first","8":"onbackorder","9":"sale","10":"purchasable","11":"product-type-simple"},"_links":{"self":[{"href":"https:\/\/aramiso-test.verteco.app\/index.php?rest_route=\/wp\/v2\/product\/11421","targetHints":{"allow":["GET"]}}],"collection":[{"href":"https:\/\/aramiso-test.verteco.app\/index.php?rest_route=\/wp\/v2\/product"}],"about":[{"href":"https:\/\/aramiso-test.verteco.app\/index.php?rest_route=\/wp\/v2\/types\/product"}],"replies":[{"embeddable":true,"href":"https:\/\/aramiso-test.verteco.app\/index.php?rest_route=%2Fwp%2Fv2%2Fcomments&post=11421"}],"wp:attachment":[{"href":"https:\/\/aramiso-test.verteco.app\/index.php?rest_route=%2Fwp%2Fv2%2Fmedia&parent=11421"}],"wp:term":[{"taxonomy":"product_brand","embeddable":true,"href":"https:\/\/aramiso-test.verteco.app\/index.php?rest_route=%2Fwp%2Fv2%2Fproduct_brand&post=11421"},{"taxonomy":"product_cat","embeddable":true,"href":"https:\/\/aramiso-test.verteco.app\/index.php?rest_route=%2Fwp%2Fv2%2Fproduct_cat&post=11421"},{"taxonomy":"product_tag","embeddable":true,"href":"https:\/\/aramiso-test.verteco.app\/index.php?rest_route=%2Fwp%2Fv2%2Fproduct_tag&post=11421"}],"curies":[{"name":"wp","href":"https:\/\/api.w.org\/{rel}","templated":true}]}}