{"id":11397,"date":"2025-08-05T11:04:33","date_gmt":"2025-08-05T11:04:33","guid":{"rendered":"https:\/\/aramiso-test.verteco.app\/?product=kovanie-pre-posuvne-dvere-mylos-2"},"modified":"2025-08-05T11:04:33","modified_gmt":"2025-08-05T11:04:33","slug":"kovanie-pre-posuvne-dvere-mylos-2","status":"publish","type":"product","link":"https:\/\/aramiso-test.verteco.app\/?product=kovanie-pre-posuvne-dvere-mylos-2","title":{"rendered":"Kovanie pre posuvn\u00e9 dvere &#8211; &#8220;M\u00fdlos&#8221; 2"},"content":{"rendered":"<p>Oce\u013eov\u00e9 kovanie s ko\u013eajnicou 2 x 1m.<br \/>\nRozmer kovania: 40x345mm. Obsah balenia: ko\u013eajnica 100 cm &#8211; 2ks, voz\u00edk &#8211; 2ks, doraz &#8211; 2ks, spodn\u00e9 vedenie &#8211; 1ks, spojovac\u00ed a kotviaci materi\u00e1l.<br \/>\nDi\u0161tan\u010dn\u00fd val\u010dek\/vzdialenos\u0165 ko\u013eajnice od steny: 35mm<br \/>\nNosnos\u0165: 100kg.<\/p>\n","protected":false},"excerpt":{"rendered":"<p>Materi\u00e1l: Oce\u013e, Povrchov\u00e1 \u00faprava: Farba, Vzh\u013ead: \u010cierna<\/p>\n","protected":false},"featured_media":0,"comment_status":"closed","ping_status":"open","template":"","meta":[],"product_brand":[],"product_cat":[15],"product_tag":[],"class_list":{"0":"post-11397","1":"product","2":"type-product","3":"status-publish","5":"product_cat-uncategorized","7":"first","8":"instock","9":"sale","10":"purchasable","11":"product-type-simple"},"_links":{"self":[{"href":"https:\/\/aramiso-test.verteco.app\/index.php?rest_route=\/wp\/v2\/product\/11397","targetHints":{"allow":["GET"]}}],"collection":[{"href":"https:\/\/aramiso-test.verteco.app\/index.php?rest_route=\/wp\/v2\/product"}],"about":[{"href":"https:\/\/aramiso-test.verteco.app\/index.php?rest_route=\/wp\/v2\/types\/product"}],"replies":[{"embeddable":true,"href":"https:\/\/aramiso-test.verteco.app\/index.php?rest_route=%2Fwp%2Fv2%2Fcomments&post=11397"}],"wp:attachment":[{"href":"https:\/\/aramiso-test.verteco.app\/index.php?rest_route=%2Fwp%2Fv2%2Fmedia&parent=11397"}],"wp:term":[{"taxonomy":"product_brand","embeddable":true,"href":"https:\/\/aramiso-test.verteco.app\/index.php?rest_route=%2Fwp%2Fv2%2Fproduct_brand&post=11397"},{"taxonomy":"product_cat","embeddable":true,"href":"https:\/\/aramiso-test.verteco.app\/index.php?rest_route=%2Fwp%2Fv2%2Fproduct_cat&post=11397"},{"taxonomy":"product_tag","embeddable":true,"href":"https:\/\/aramiso-test.verteco.app\/index.php?rest_route=%2Fwp%2Fv2%2Fproduct_tag&post=11397"}],"curies":[{"name":"wp","href":"https:\/\/api.w.org\/{rel}","templated":true}]}}