{"id":11356,"date":"2025-10-26T12:34:23","date_gmt":"2025-10-26T12:34:23","guid":{"rendered":"https:\/\/aramiso-test.verteco.app\/?product=nadstavec-na-zemnu-skrutku-zn-u-90x90x120x52mm"},"modified":"2025-10-26T12:34:28","modified_gmt":"2025-10-26T12:34:28","slug":"nadstavec-na-zemnu-skrutku-zn-u-90x90x120x52mm","status":"publish","type":"product","link":"https:\/\/aramiso-test.verteco.app\/?product=nadstavec-na-zemnu-skrutku-zn-u-90x90x120x52mm","title":{"rendered":"Nadstavec na zemn\u00fa skrutku Zn \u201eU\u201c 90x90x120x52mm"},"content":{"rendered":"<p>Materi\u00e1l: oce\u013e.<br \/>\nPovrchov\u00e1 \u00faprava: \u017eiarov\u00fd zinok.<\/p>\n","protected":false},"excerpt":{"rendered":"<p>Materi\u00e1l: Oce\u013e, Povrchov\u00e1 \u00faprava: Zinok<\/p>\n","protected":false},"featured_media":0,"comment_status":"closed","ping_status":"open","template":"","meta":[],"product_brand":[],"product_cat":[15],"product_tag":[],"class_list":{"0":"post-11356","1":"product","2":"type-product","3":"status-publish","5":"product_cat-uncategorized","7":"first","8":"instock","9":"sale","10":"purchasable","11":"product-type-simple"},"_links":{"self":[{"href":"https:\/\/aramiso-test.verteco.app\/index.php?rest_route=\/wp\/v2\/product\/11356","targetHints":{"allow":["GET"]}}],"collection":[{"href":"https:\/\/aramiso-test.verteco.app\/index.php?rest_route=\/wp\/v2\/product"}],"about":[{"href":"https:\/\/aramiso-test.verteco.app\/index.php?rest_route=\/wp\/v2\/types\/product"}],"replies":[{"embeddable":true,"href":"https:\/\/aramiso-test.verteco.app\/index.php?rest_route=%2Fwp%2Fv2%2Fcomments&post=11356"}],"wp:attachment":[{"href":"https:\/\/aramiso-test.verteco.app\/index.php?rest_route=%2Fwp%2Fv2%2Fmedia&parent=11356"}],"wp:term":[{"taxonomy":"product_brand","embeddable":true,"href":"https:\/\/aramiso-test.verteco.app\/index.php?rest_route=%2Fwp%2Fv2%2Fproduct_brand&post=11356"},{"taxonomy":"product_cat","embeddable":true,"href":"https:\/\/aramiso-test.verteco.app\/index.php?rest_route=%2Fwp%2Fv2%2Fproduct_cat&post=11356"},{"taxonomy":"product_tag","embeddable":true,"href":"https:\/\/aramiso-test.verteco.app\/index.php?rest_route=%2Fwp%2Fv2%2Fproduct_tag&post=11356"}],"curies":[{"name":"wp","href":"https:\/\/api.w.org\/{rel}","templated":true}]}}