{"id":11349,"date":"2025-08-05T11:04:06","date_gmt":"2025-08-05T11:04:06","guid":{"rendered":"https:\/\/aramiso-test.verteco.app\/?product=zemna-kotviaca-skrutka-zn-76x25x1100mm-3xm12"},"modified":"2025-08-05T11:04:09","modified_gmt":"2025-08-05T11:04:09","slug":"zemna-kotviaca-skrutka-zn-76x25x1100mm-3xm12","status":"publish","type":"product","link":"https:\/\/aramiso-test.verteco.app\/?product=zemna-kotviaca-skrutka-zn-76x25x1100mm-3xm12","title":{"rendered":"Zemn\u00e1 kotviaca skrutka Zn 76&#215;2,5x1100mm, 3xM12"},"content":{"rendered":"<p>Materi\u00e1l: oce\u013e. Povrchov\u00e1 \u00faprava: Zinok. D\u013a\u017eka skrutky: 1100 mm.<br \/>\nVonkaj\u0161\u00ed priemer: 76 mm. Hr\u00fabka steny: 2,5 mm.<br \/>\n3 x uchyt\u00e1vacia matica M12.<br \/>\nH\u013abka ukotvenia st\u013apika: D 38 mm \u2013 980 mm, D 48 mm \u2013 895 mm, D 60 mm &#8211; 840 mm.<\/p>\n","protected":false},"excerpt":{"rendered":"<p>Materi\u00e1l: Oce\u013e, Povrchov\u00e1 \u00faprava: Zinok<\/p>\n","protected":false},"featured_media":0,"comment_status":"closed","ping_status":"open","template":"","meta":[],"product_brand":[],"product_cat":[15],"product_tag":[],"class_list":{"0":"post-11349","1":"product","2":"type-product","3":"status-publish","5":"product_cat-uncategorized","7":"first","8":"onbackorder","9":"sale","10":"purchasable","11":"product-type-simple"},"_links":{"self":[{"href":"https:\/\/aramiso-test.verteco.app\/index.php?rest_route=\/wp\/v2\/product\/11349","targetHints":{"allow":["GET"]}}],"collection":[{"href":"https:\/\/aramiso-test.verteco.app\/index.php?rest_route=\/wp\/v2\/product"}],"about":[{"href":"https:\/\/aramiso-test.verteco.app\/index.php?rest_route=\/wp\/v2\/types\/product"}],"replies":[{"embeddable":true,"href":"https:\/\/aramiso-test.verteco.app\/index.php?rest_route=%2Fwp%2Fv2%2Fcomments&post=11349"}],"wp:attachment":[{"href":"https:\/\/aramiso-test.verteco.app\/index.php?rest_route=%2Fwp%2Fv2%2Fmedia&parent=11349"}],"wp:term":[{"taxonomy":"product_brand","embeddable":true,"href":"https:\/\/aramiso-test.verteco.app\/index.php?rest_route=%2Fwp%2Fv2%2Fproduct_brand&post=11349"},{"taxonomy":"product_cat","embeddable":true,"href":"https:\/\/aramiso-test.verteco.app\/index.php?rest_route=%2Fwp%2Fv2%2Fproduct_cat&post=11349"},{"taxonomy":"product_tag","embeddable":true,"href":"https:\/\/aramiso-test.verteco.app\/index.php?rest_route=%2Fwp%2Fv2%2Fproduct_tag&post=11349"}],"curies":[{"name":"wp","href":"https:\/\/api.w.org\/{rel}","templated":true}]}}