{"id":11343,"date":"2025-10-26T12:34:19","date_gmt":"2025-10-26T12:34:19","guid":{"rendered":"https:\/\/aramiso-test.verteco.app\/?product=kabel-vyhrievaci-230v-pre-h-39v-h-39u"},"modified":"2025-10-26T12:34:22","modified_gmt":"2025-10-26T12:34:22","slug":"kabel-vyhrievaci-230v-pre-h-39v-h-39u","status":"publish","type":"product","link":"https:\/\/aramiso-test.verteco.app\/?product=kabel-vyhrievaci-230v-pre-h-39v-h-39u","title":{"rendered":"K\u00e1bel vyhrievac\u00ed 230V, pre H\/39V, H\/39U"},"content":{"rendered":"<p>Samoregula\u010dn\u00fd vyhrievac\u00ed k\u00e1bel, nap\u00e1janie 230V, v\u00fdkon 18W\/m pri 0\u00b0C a 8W\/m pri 20\u00b0C. Doporu\u010dujeme prip\u00e1ja\u0165 cez vyp\u00edna\u010d. Mo\u017eno pripoji\u0165 aj priamo do pohonu.<\/p>\n","protected":false},"excerpt":{"rendered":"<p>Materi\u00e1l: Me\u010f\/Guma, Zna\u010dka: Umakov<\/p>\n","protected":false},"featured_media":0,"comment_status":"closed","ping_status":"open","template":"","meta":[],"product_brand":[],"product_cat":[15],"product_tag":[],"class_list":{"0":"post-11343","1":"product","2":"type-product","3":"status-publish","5":"product_cat-uncategorized","7":"first","8":"onbackorder","9":"sale","10":"purchasable","11":"product-type-simple"},"_links":{"self":[{"href":"https:\/\/aramiso-test.verteco.app\/index.php?rest_route=\/wp\/v2\/product\/11343","targetHints":{"allow":["GET"]}}],"collection":[{"href":"https:\/\/aramiso-test.verteco.app\/index.php?rest_route=\/wp\/v2\/product"}],"about":[{"href":"https:\/\/aramiso-test.verteco.app\/index.php?rest_route=\/wp\/v2\/types\/product"}],"replies":[{"embeddable":true,"href":"https:\/\/aramiso-test.verteco.app\/index.php?rest_route=%2Fwp%2Fv2%2Fcomments&post=11343"}],"wp:attachment":[{"href":"https:\/\/aramiso-test.verteco.app\/index.php?rest_route=%2Fwp%2Fv2%2Fmedia&parent=11343"}],"wp:term":[{"taxonomy":"product_brand","embeddable":true,"href":"https:\/\/aramiso-test.verteco.app\/index.php?rest_route=%2Fwp%2Fv2%2Fproduct_brand&post=11343"},{"taxonomy":"product_cat","embeddable":true,"href":"https:\/\/aramiso-test.verteco.app\/index.php?rest_route=%2Fwp%2Fv2%2Fproduct_cat&post=11343"},{"taxonomy":"product_tag","embeddable":true,"href":"https:\/\/aramiso-test.verteco.app\/index.php?rest_route=%2Fwp%2Fv2%2Fproduct_tag&post=11343"}],"curies":[{"name":"wp","href":"https:\/\/api.w.org\/{rel}","templated":true}]}}