{"id":11312,"date":"2025-08-25T11:22:27","date_gmt":"2025-08-25T11:22:27","guid":{"rendered":"https:\/\/aramiso-test.verteco.app\/?product=kladka-pojazdu-nylonova-komplet-u-inox-d80"},"modified":"2025-08-25T11:22:32","modified_gmt":"2025-08-25T11:22:32","slug":"kladka-pojazdu-nylonova-komplet-u-inox-d80","status":"publish","type":"product","link":"https:\/\/aramiso-test.verteco.app\/?product=kladka-pojazdu-nylonova-komplet-u-inox-d80","title":{"rendered":"Kladka pojazdu nylonov\u00e1 &#8211; komplet &#8211; U, INOX, D80"},"content":{"rendered":"","protected":false},"excerpt":{"rendered":"<p>Materi\u00e1l: Nerez AISI 304\/Nylon, Povrchov\u00e1 \u00faprava: Natural, Hmotnos\u0165 br\u00e1ny Gmax\/Goptimal (kg): 300, c: 35, H: 95, h: 85, Phi: 78, a: 25, b: 100, R: 10, s: 70<\/p>\n","protected":false},"featured_media":0,"comment_status":"closed","ping_status":"open","template":"","meta":[],"product_brand":[],"product_cat":[15],"product_tag":[],"class_list":{"0":"post-11312","1":"product","2":"type-product","3":"status-publish","5":"product_cat-uncategorized","7":"first","8":"onbackorder","9":"sale","10":"purchasable","11":"product-type-simple"},"_links":{"self":[{"href":"https:\/\/aramiso-test.verteco.app\/index.php?rest_route=\/wp\/v2\/product\/11312","targetHints":{"allow":["GET"]}}],"collection":[{"href":"https:\/\/aramiso-test.verteco.app\/index.php?rest_route=\/wp\/v2\/product"}],"about":[{"href":"https:\/\/aramiso-test.verteco.app\/index.php?rest_route=\/wp\/v2\/types\/product"}],"replies":[{"embeddable":true,"href":"https:\/\/aramiso-test.verteco.app\/index.php?rest_route=%2Fwp%2Fv2%2Fcomments&post=11312"}],"wp:attachment":[{"href":"https:\/\/aramiso-test.verteco.app\/index.php?rest_route=%2Fwp%2Fv2%2Fmedia&parent=11312"}],"wp:term":[{"taxonomy":"product_brand","embeddable":true,"href":"https:\/\/aramiso-test.verteco.app\/index.php?rest_route=%2Fwp%2Fv2%2Fproduct_brand&post=11312"},{"taxonomy":"product_cat","embeddable":true,"href":"https:\/\/aramiso-test.verteco.app\/index.php?rest_route=%2Fwp%2Fv2%2Fproduct_cat&post=11312"},{"taxonomy":"product_tag","embeddable":true,"href":"https:\/\/aramiso-test.verteco.app\/index.php?rest_route=%2Fwp%2Fv2%2Fproduct_tag&post=11312"}],"curies":[{"name":"wp","href":"https:\/\/api.w.org\/{rel}","templated":true}]}}