{"id":11261,"date":"2025-08-03T12:38:02","date_gmt":"2025-08-03T12:38:02","guid":{"rendered":"https:\/\/aramiso-test.verteco.app\/?product=stlpik-buk-beech-d50mm-4xd12mm-h900-bk-rovn"},"modified":"2025-08-03T12:38:07","modified_gmt":"2025-08-03T12:38:07","slug":"stlpik-buk-beech-d50mm-4xd12mm-h900-bk-rovn","status":"publish","type":"product","link":"https:\/\/aramiso-test.verteco.app\/?product=stlpik-buk-beech-d50mm-4xd12mm-h900-bk-rovn","title":{"rendered":"St\u013apik BUK (BEECH) D50mm, 4xd12mm, H900, BK-rovn"},"content":{"rendered":"","protected":false},"excerpt":{"rendered":"<p>Materi\u00e1l: Drevo Buk &#8211; CINK, Povrchov\u00e1 \u00faprava: Natural, Pou\u017eitie: Rovina\/900mm, V\u00fdpl\u0148: d12, St\u013apik: D50 &#8211; drevo, Madlo: D42,4&#215;2, Kotvenie: Z boku, H: 900<\/p>\n","protected":false},"featured_media":0,"comment_status":"closed","ping_status":"open","template":"","meta":[],"product_brand":[],"product_cat":[15],"product_tag":[],"class_list":{"0":"post-11261","1":"product","2":"type-product","3":"status-publish","5":"product_cat-uncategorized","7":"first","8":"instock","9":"purchasable","10":"product-type-simple"},"_links":{"self":[{"href":"https:\/\/aramiso-test.verteco.app\/index.php?rest_route=\/wp\/v2\/product\/11261","targetHints":{"allow":["GET"]}}],"collection":[{"href":"https:\/\/aramiso-test.verteco.app\/index.php?rest_route=\/wp\/v2\/product"}],"about":[{"href":"https:\/\/aramiso-test.verteco.app\/index.php?rest_route=\/wp\/v2\/types\/product"}],"replies":[{"embeddable":true,"href":"https:\/\/aramiso-test.verteco.app\/index.php?rest_route=%2Fwp%2Fv2%2Fcomments&post=11261"}],"wp:attachment":[{"href":"https:\/\/aramiso-test.verteco.app\/index.php?rest_route=%2Fwp%2Fv2%2Fmedia&parent=11261"}],"wp:term":[{"taxonomy":"product_brand","embeddable":true,"href":"https:\/\/aramiso-test.verteco.app\/index.php?rest_route=%2Fwp%2Fv2%2Fproduct_brand&post=11261"},{"taxonomy":"product_cat","embeddable":true,"href":"https:\/\/aramiso-test.verteco.app\/index.php?rest_route=%2Fwp%2Fv2%2Fproduct_cat&post=11261"},{"taxonomy":"product_tag","embeddable":true,"href":"https:\/\/aramiso-test.verteco.app\/index.php?rest_route=%2Fwp%2Fv2%2Fproduct_tag&post=11261"}],"curies":[{"name":"wp","href":"https:\/\/api.w.org\/{rel}","templated":true}]}}