{"id":11260,"date":"2025-08-03T12:38:02","date_gmt":"2025-08-03T12:38:02","guid":{"rendered":"https:\/\/aramiso-test.verteco.app\/?product=stlpik-dubd50-5x12mm-v100cm-bk-rovne-dub-oak"},"modified":"2025-08-03T12:38:06","modified_gmt":"2025-08-03T12:38:06","slug":"stlpik-dubd50-5x12mm-v100cm-bk-rovne-dub-oak","status":"publish","type":"product","link":"https:\/\/aramiso-test.verteco.app\/?product=stlpik-dubd50-5x12mm-v100cm-bk-rovne-dub-oak","title":{"rendered":"St\u013apik DUBD50\/5x12mm, v=100cm, BK-rovn\u00e9 DUB (OAK),"},"content":{"rendered":"","protected":false},"excerpt":{"rendered":"<p>Materi\u00e1l: Drevo Dub &#8211; CINK, Povrchov\u00e1 \u00faprava: Natural, Pou\u017eitie: Rovina\/1000mm, Kotvenie: Z boku<\/p>\n","protected":false},"featured_media":0,"comment_status":"closed","ping_status":"open","template":"","meta":[],"product_brand":[],"product_cat":[15],"product_tag":[],"class_list":{"0":"post-11260","1":"product","2":"type-product","3":"status-publish","5":"product_cat-uncategorized","7":"first","8":"onbackorder","9":"purchasable","10":"product-type-simple"},"_links":{"self":[{"href":"https:\/\/aramiso-test.verteco.app\/index.php?rest_route=\/wp\/v2\/product\/11260","targetHints":{"allow":["GET"]}}],"collection":[{"href":"https:\/\/aramiso-test.verteco.app\/index.php?rest_route=\/wp\/v2\/product"}],"about":[{"href":"https:\/\/aramiso-test.verteco.app\/index.php?rest_route=\/wp\/v2\/types\/product"}],"replies":[{"embeddable":true,"href":"https:\/\/aramiso-test.verteco.app\/index.php?rest_route=%2Fwp%2Fv2%2Fcomments&post=11260"}],"wp:attachment":[{"href":"https:\/\/aramiso-test.verteco.app\/index.php?rest_route=%2Fwp%2Fv2%2Fmedia&parent=11260"}],"wp:term":[{"taxonomy":"product_brand","embeddable":true,"href":"https:\/\/aramiso-test.verteco.app\/index.php?rest_route=%2Fwp%2Fv2%2Fproduct_brand&post=11260"},{"taxonomy":"product_cat","embeddable":true,"href":"https:\/\/aramiso-test.verteco.app\/index.php?rest_route=%2Fwp%2Fv2%2Fproduct_cat&post=11260"},{"taxonomy":"product_tag","embeddable":true,"href":"https:\/\/aramiso-test.verteco.app\/index.php?rest_route=%2Fwp%2Fv2%2Fproduct_tag&post=11260"}],"curies":[{"name":"wp","href":"https:\/\/api.w.org\/{rel}","templated":true}]}}