{"id":11253,"date":"2025-10-26T12:34:06","date_gmt":"2025-10-26T12:34:06","guid":{"rendered":"https:\/\/aramiso-test.verteco.app\/?product=stlpik-bocne-kotvenie-rovne-lesk-aisi304-d42"},"modified":"2025-10-26T12:34:07","modified_gmt":"2025-10-26T12:34:07","slug":"stlpik-bocne-kotvenie-rovne-lesk-aisi304-d42","status":"publish","type":"product","link":"https:\/\/aramiso-test.verteco.app\/?product=stlpik-bocne-kotvenie-rovne-lesk-aisi304-d42","title":{"rendered":"St\u013apik, bo\u010dn\u00e9 kotvenie &#8211; rovn\u00e9 &#8211; lesk AISI304, D42"},"content":{"rendered":"","protected":false},"excerpt":{"rendered":"<p>Materi\u00e1l: Nerez AISI 304, Povrchov\u00e1 \u00faprava: Lesk, Pou\u017eitie: Rovina\/1000mm, V\u00fdpl\u0148: d12, St\u013apik: D42,4&#215;2, L: 1000, Madlo: D42,4&#215;2, Kotvenie: Z boku, h1: 86, h2: 188, h3: 162, h4: 110, h5: 65<\/p>\n","protected":false},"featured_media":0,"comment_status":"closed","ping_status":"open","template":"","meta":[],"product_brand":[],"product_cat":[15],"product_tag":[],"class_list":{"0":"post-11253","1":"product","2":"type-product","3":"status-publish","5":"product_cat-uncategorized","7":"first","8":"instock","9":"sale","10":"purchasable","11":"product-type-simple"},"_links":{"self":[{"href":"https:\/\/aramiso-test.verteco.app\/index.php?rest_route=\/wp\/v2\/product\/11253","targetHints":{"allow":["GET"]}}],"collection":[{"href":"https:\/\/aramiso-test.verteco.app\/index.php?rest_route=\/wp\/v2\/product"}],"about":[{"href":"https:\/\/aramiso-test.verteco.app\/index.php?rest_route=\/wp\/v2\/types\/product"}],"replies":[{"embeddable":true,"href":"https:\/\/aramiso-test.verteco.app\/index.php?rest_route=%2Fwp%2Fv2%2Fcomments&post=11253"}],"wp:attachment":[{"href":"https:\/\/aramiso-test.verteco.app\/index.php?rest_route=%2Fwp%2Fv2%2Fmedia&parent=11253"}],"wp:term":[{"taxonomy":"product_brand","embeddable":true,"href":"https:\/\/aramiso-test.verteco.app\/index.php?rest_route=%2Fwp%2Fv2%2Fproduct_brand&post=11253"},{"taxonomy":"product_cat","embeddable":true,"href":"https:\/\/aramiso-test.verteco.app\/index.php?rest_route=%2Fwp%2Fv2%2Fproduct_cat&post=11253"},{"taxonomy":"product_tag","embeddable":true,"href":"https:\/\/aramiso-test.verteco.app\/index.php?rest_route=%2Fwp%2Fv2%2Fproduct_tag&post=11253"}],"curies":[{"name":"wp","href":"https:\/\/api.w.org\/{rel}","templated":true}]}}