{"id":11247,"date":"2025-08-03T12:36:55","date_gmt":"2025-08-03T12:36:55","guid":{"rendered":"https:\/\/aramiso-test.verteco.app\/?product=stlpik-buk-beech-jp-40x40-h1000vk-schodisko"},"modified":"2025-08-03T12:37:10","modified_gmt":"2025-08-03T12:37:10","slug":"stlpik-buk-beech-jp-40x40-h1000vk-schodisko","status":"publish","type":"product","link":"https:\/\/aramiso-test.verteco.app\/?product=stlpik-buk-beech-jp-40x40-h1000vk-schodisko","title":{"rendered":"St\u013apik BUK (BEECH) JP 40&#215;40, H1000,VK-Schodisko"},"content":{"rendered":"","protected":false},"excerpt":{"rendered":"<p>Materi\u00e1l: Drevo Buk, Povrchov\u00e1 \u00faprava: Natural, Pou\u017eitie: Schody\/1000mm, V\u00fdpl\u0148: d12, St\u013apik: 40&#215;40 &#8211; drevo, L: 1000, Madlo: D42,4&#215;2, Kotvenie: Zhora, h1: 86, h2: 188, h3: 162<\/p>\n","protected":false},"featured_media":0,"comment_status":"closed","ping_status":"open","template":"","meta":[],"product_brand":[],"product_cat":[15],"product_tag":[],"class_list":{"0":"post-11247","1":"product","2":"type-product","3":"status-publish","5":"product_cat-uncategorized","7":"first","8":"onbackorder","9":"purchasable","10":"product-type-simple"},"_links":{"self":[{"href":"https:\/\/aramiso-test.verteco.app\/index.php?rest_route=\/wp\/v2\/product\/11247","targetHints":{"allow":["GET"]}}],"collection":[{"href":"https:\/\/aramiso-test.verteco.app\/index.php?rest_route=\/wp\/v2\/product"}],"about":[{"href":"https:\/\/aramiso-test.verteco.app\/index.php?rest_route=\/wp\/v2\/types\/product"}],"replies":[{"embeddable":true,"href":"https:\/\/aramiso-test.verteco.app\/index.php?rest_route=%2Fwp%2Fv2%2Fcomments&post=11247"}],"wp:attachment":[{"href":"https:\/\/aramiso-test.verteco.app\/index.php?rest_route=%2Fwp%2Fv2%2Fmedia&parent=11247"}],"wp:term":[{"taxonomy":"product_brand","embeddable":true,"href":"https:\/\/aramiso-test.verteco.app\/index.php?rest_route=%2Fwp%2Fv2%2Fproduct_brand&post=11247"},{"taxonomy":"product_cat","embeddable":true,"href":"https:\/\/aramiso-test.verteco.app\/index.php?rest_route=%2Fwp%2Fv2%2Fproduct_cat&post=11247"},{"taxonomy":"product_tag","embeddable":true,"href":"https:\/\/aramiso-test.verteco.app\/index.php?rest_route=%2Fwp%2Fv2%2Fproduct_tag&post=11247"}],"curies":[{"name":"wp","href":"https:\/\/api.w.org\/{rel}","templated":true}]}}