{"id":11241,"date":"2025-08-03T12:36:55","date_gmt":"2025-08-03T12:36:55","guid":{"rendered":"https:\/\/aramiso-test.verteco.app\/?product=stlpik-buk-jp-40-x-40-v100cm-vk-rovne"},"modified":"2025-08-03T12:37:03","modified_gmt":"2025-08-03T12:37:03","slug":"stlpik-buk-jp-40-x-40-v100cm-vk-rovne","status":"publish","type":"product","link":"https:\/\/aramiso-test.verteco.app\/?product=stlpik-buk-jp-40-x-40-v100cm-vk-rovne","title":{"rendered":"St\u013apik BUK JP 40 x 40, v=100cm, VK-rovn\u00e9"},"content":{"rendered":"","protected":false},"excerpt":{"rendered":"<p>Materi\u00e1l: Drevo Buk, Povrchov\u00e1 \u00faprava: Natural, Pou\u017eitie: Rovina\/1000mm, V\u00fdpl\u0148: d12, St\u013apik: 40&#215;40 &#8211; drevo, L: 1000, Kotvenie: Zhora<\/p>\n","protected":false},"featured_media":0,"comment_status":"closed","ping_status":"open","template":"","meta":[],"product_brand":[],"product_cat":[15],"product_tag":[],"class_list":{"0":"post-11241","1":"product","2":"type-product","3":"status-publish","5":"product_cat-uncategorized","7":"first","8":"onbackorder","9":"purchasable","10":"product-type-simple"},"_links":{"self":[{"href":"https:\/\/aramiso-test.verteco.app\/index.php?rest_route=\/wp\/v2\/product\/11241","targetHints":{"allow":["GET"]}}],"collection":[{"href":"https:\/\/aramiso-test.verteco.app\/index.php?rest_route=\/wp\/v2\/product"}],"about":[{"href":"https:\/\/aramiso-test.verteco.app\/index.php?rest_route=\/wp\/v2\/types\/product"}],"replies":[{"embeddable":true,"href":"https:\/\/aramiso-test.verteco.app\/index.php?rest_route=%2Fwp%2Fv2%2Fcomments&post=11241"}],"wp:attachment":[{"href":"https:\/\/aramiso-test.verteco.app\/index.php?rest_route=%2Fwp%2Fv2%2Fmedia&parent=11241"}],"wp:term":[{"taxonomy":"product_brand","embeddable":true,"href":"https:\/\/aramiso-test.verteco.app\/index.php?rest_route=%2Fwp%2Fv2%2Fproduct_brand&post=11241"},{"taxonomy":"product_cat","embeddable":true,"href":"https:\/\/aramiso-test.verteco.app\/index.php?rest_route=%2Fwp%2Fv2%2Fproduct_cat&post=11241"},{"taxonomy":"product_tag","embeddable":true,"href":"https:\/\/aramiso-test.verteco.app\/index.php?rest_route=%2Fwp%2Fv2%2Fproduct_tag&post=11241"}],"curies":[{"name":"wp","href":"https:\/\/api.w.org\/{rel}","templated":true}]}}