{"id":11226,"date":"2025-08-03T12:36:36","date_gmt":"2025-08-03T12:36:36","guid":{"rendered":"https:\/\/aramiso-test.verteco.app\/?product=stlpik-dub-oak-d50mm-5xd12mm-v100-cm-vk-rovn"},"modified":"2025-08-03T12:36:43","modified_gmt":"2025-08-03T12:36:43","slug":"stlpik-dub-oak-d50mm-5xd12mm-v100-cm-vk-rovn","status":"publish","type":"product","link":"https:\/\/aramiso-test.verteco.app\/?product=stlpik-dub-oak-d50mm-5xd12mm-v100-cm-vk-rovn","title":{"rendered":"St\u013apik DUB (OAK) D50mm, 5xd12mm, v=100 cm, VK-rovn"},"content":{"rendered":"","protected":false},"excerpt":{"rendered":"<p>Materi\u00e1l: Drevo Dub &#8211; CINK, Povrchov\u00e1 \u00faprava: Natural, Pou\u017eitie: Rovina\/1000mm, V\u00fdpl\u0148: d12, L: 1000, Kotvenie: Zhora, h1: 86, h2: 188, h3: 162<\/p>\n","protected":false},"featured_media":0,"comment_status":"closed","ping_status":"open","template":"","meta":[],"product_brand":[],"product_cat":[15],"product_tag":[],"class_list":{"0":"post-11226","1":"product","2":"type-product","3":"status-publish","5":"product_cat-uncategorized","7":"first","8":"onbackorder","9":"purchasable","10":"product-type-simple"},"_links":{"self":[{"href":"https:\/\/aramiso-test.verteco.app\/index.php?rest_route=\/wp\/v2\/product\/11226","targetHints":{"allow":["GET"]}}],"collection":[{"href":"https:\/\/aramiso-test.verteco.app\/index.php?rest_route=\/wp\/v2\/product"}],"about":[{"href":"https:\/\/aramiso-test.verteco.app\/index.php?rest_route=\/wp\/v2\/types\/product"}],"replies":[{"embeddable":true,"href":"https:\/\/aramiso-test.verteco.app\/index.php?rest_route=%2Fwp%2Fv2%2Fcomments&post=11226"}],"wp:attachment":[{"href":"https:\/\/aramiso-test.verteco.app\/index.php?rest_route=%2Fwp%2Fv2%2Fmedia&parent=11226"}],"wp:term":[{"taxonomy":"product_brand","embeddable":true,"href":"https:\/\/aramiso-test.verteco.app\/index.php?rest_route=%2Fwp%2Fv2%2Fproduct_brand&post=11226"},{"taxonomy":"product_cat","embeddable":true,"href":"https:\/\/aramiso-test.verteco.app\/index.php?rest_route=%2Fwp%2Fv2%2Fproduct_cat&post=11226"},{"taxonomy":"product_tag","embeddable":true,"href":"https:\/\/aramiso-test.verteco.app\/index.php?rest_route=%2Fwp%2Fv2%2Fproduct_tag&post=11226"}],"curies":[{"name":"wp","href":"https:\/\/api.w.org\/{rel}","templated":true}]}}