{"id":11185,"date":"2025-10-26T12:32:46","date_gmt":"2025-10-26T12:32:46","guid":{"rendered":"https:\/\/aramiso-test.verteco.app\/?product=zabradlie-vk-rovne-aisi304-40x40x2-4xd12-h900-l6"},"modified":"2025-10-26T12:32:46","modified_gmt":"2025-10-26T12:32:46","slug":"zabradlie-vk-rovne-aisi304-40x40x2-4xd12-h900-l6","status":"publish","type":"product","link":"https:\/\/aramiso-test.verteco.app\/?product=zabradlie-vk-rovne-aisi304-40x40x2-4xd12-h900-l6","title":{"rendered":"Z\u00e1bradlie, VK-rovn\u00e9 AISI304, 40x40x2\/4xd12\/H900\/L6"},"content":{"rendered":"<p>Materi\u00e1ly s\u00fa dod\u00e1van\u00e9 v \u0161tandardn\u00fdch d\u013a\u017ekach, ktor\u00e9 s\u00fa potrebn\u00e9 prisp\u00f4sobi\u0165 re\u00e1lnej stavebnej situ\u00e1cii. Mont\u00e1\u017e madla si vy\u017eaduje nav\u0155tanie z\u00e1vitov. Set neobsahuje kotviace z\u00e1vitov\u00e9 ty\u010de.<\/p>\n","protected":false},"excerpt":{"rendered":"<p>Materi\u00e1l: Nerez AISI 304, Povrchov\u00e1 \u00faprava: Brus, Pou\u017eitie: Rovina\/900mm, V\u00fdpl\u0148: d12, St\u013apik: 40x40x2, L: 6000, Madlo: D42,4&#215;2, Kotvenie: Zhora<\/p>\n","protected":false},"featured_media":0,"comment_status":"closed","ping_status":"open","template":"","meta":[],"product_brand":[],"product_cat":[15],"product_tag":[],"class_list":{"0":"post-11185","1":"product","2":"type-product","3":"status-publish","5":"product_cat-uncategorized","7":"first","8":"instock","9":"sale","10":"purchasable","11":"product-type-simple"},"_links":{"self":[{"href":"https:\/\/aramiso-test.verteco.app\/index.php?rest_route=\/wp\/v2\/product\/11185","targetHints":{"allow":["GET"]}}],"collection":[{"href":"https:\/\/aramiso-test.verteco.app\/index.php?rest_route=\/wp\/v2\/product"}],"about":[{"href":"https:\/\/aramiso-test.verteco.app\/index.php?rest_route=\/wp\/v2\/types\/product"}],"replies":[{"embeddable":true,"href":"https:\/\/aramiso-test.verteco.app\/index.php?rest_route=%2Fwp%2Fv2%2Fcomments&post=11185"}],"wp:attachment":[{"href":"https:\/\/aramiso-test.verteco.app\/index.php?rest_route=%2Fwp%2Fv2%2Fmedia&parent=11185"}],"wp:term":[{"taxonomy":"product_brand","embeddable":true,"href":"https:\/\/aramiso-test.verteco.app\/index.php?rest_route=%2Fwp%2Fv2%2Fproduct_brand&post=11185"},{"taxonomy":"product_cat","embeddable":true,"href":"https:\/\/aramiso-test.verteco.app\/index.php?rest_route=%2Fwp%2Fv2%2Fproduct_cat&post=11185"},{"taxonomy":"product_tag","embeddable":true,"href":"https:\/\/aramiso-test.verteco.app\/index.php?rest_route=%2Fwp%2Fv2%2Fproduct_tag&post=11185"}],"curies":[{"name":"wp","href":"https:\/\/api.w.org\/{rel}","templated":true}]}}