{"id":11166,"date":"2025-10-26T12:32:36","date_gmt":"2025-10-26T12:32:36","guid":{"rendered":"https:\/\/aramiso-test.verteco.app\/?product=stlpik-bocne-kotvenie-pravy-na-schody-aisi304-3"},"modified":"2025-10-26T12:32:36","modified_gmt":"2025-10-26T12:32:36","slug":"stlpik-bocne-kotvenie-pravy-na-schody-aisi304-3","status":"publish","type":"product","link":"https:\/\/aramiso-test.verteco.app\/?product=stlpik-bocne-kotvenie-pravy-na-schody-aisi304-3","title":{"rendered":"St\u013apik, bo\u010dn\u00e9 kotvenie &#8211; prav\u00fd &#8211; na schody AISI304"},"content":{"rendered":"","protected":false},"excerpt":{"rendered":"<p>Materi\u00e1l: Nerez AISI 304, Povrchov\u00e1 \u00faprava: Brus, Pou\u017eitie: Schody\/1000mm, V\u00fdpl\u0148: Sklo, Glass t: 8,76, Kotvenie: Z boku<\/p>\n","protected":false},"featured_media":0,"comment_status":"closed","ping_status":"open","template":"","meta":[],"product_brand":[],"product_cat":[15],"product_tag":[],"class_list":{"0":"post-11166","1":"product","2":"type-product","3":"status-publish","5":"product_cat-uncategorized","7":"first","8":"instock","9":"sale","10":"purchasable","11":"product-type-simple"},"_links":{"self":[{"href":"https:\/\/aramiso-test.verteco.app\/index.php?rest_route=\/wp\/v2\/product\/11166","targetHints":{"allow":["GET"]}}],"collection":[{"href":"https:\/\/aramiso-test.verteco.app\/index.php?rest_route=\/wp\/v2\/product"}],"about":[{"href":"https:\/\/aramiso-test.verteco.app\/index.php?rest_route=\/wp\/v2\/types\/product"}],"replies":[{"embeddable":true,"href":"https:\/\/aramiso-test.verteco.app\/index.php?rest_route=%2Fwp%2Fv2%2Fcomments&post=11166"}],"wp:attachment":[{"href":"https:\/\/aramiso-test.verteco.app\/index.php?rest_route=%2Fwp%2Fv2%2Fmedia&parent=11166"}],"wp:term":[{"taxonomy":"product_brand","embeddable":true,"href":"https:\/\/aramiso-test.verteco.app\/index.php?rest_route=%2Fwp%2Fv2%2Fproduct_brand&post=11166"},{"taxonomy":"product_cat","embeddable":true,"href":"https:\/\/aramiso-test.verteco.app\/index.php?rest_route=%2Fwp%2Fv2%2Fproduct_cat&post=11166"},{"taxonomy":"product_tag","embeddable":true,"href":"https:\/\/aramiso-test.verteco.app\/index.php?rest_route=%2Fwp%2Fv2%2Fproduct_tag&post=11166"}],"curies":[{"name":"wp","href":"https:\/\/api.w.org\/{rel}","templated":true}]}}