{"id":11157,"date":"2025-08-03T12:34:46","date_gmt":"2025-08-03T12:34:46","guid":{"rendered":"https:\/\/aramiso-test.verteco.app\/?product=stlpik-vrchne-kotvenie-pravy-2"},"modified":"2025-08-03T12:34:48","modified_gmt":"2025-08-03T12:34:48","slug":"stlpik-vrchne-kotvenie-pravy-2","status":"publish","type":"product","link":"https:\/\/aramiso-test.verteco.app\/?product=stlpik-vrchne-kotvenie-pravy-2","title":{"rendered":"St\u013apik &#8211; vrchn\u00e9 kotvenie &#8211; prav\u00fd"},"content":{"rendered":"<p>nerezov\u00fd st\u013apik D42,4mm pre madlo D42,4mm, vrchn\u00e9 kotvenie, materi\u00e1l AISI 304 brus K320, sklenen\u00e1 v\u00fdpl\u0148. Mo\u017enos\u0165 nastavenia sklonu v\u00fdplne a madla.<\/p>\n","protected":false},"excerpt":{"rendered":"<p>Materi\u00e1l: Nerez AISI 304, Povrchov\u00e1 \u00faprava: Brus, Glass t: 6-12,76, Model: Model 250P, Kotvenie: Zhora<\/p>\n","protected":false},"featured_media":0,"comment_status":"closed","ping_status":"open","template":"","meta":[],"product_brand":[],"product_cat":[15],"product_tag":[],"class_list":{"0":"post-11157","1":"product","2":"type-product","3":"status-publish","5":"product_cat-uncategorized","7":"first","8":"onbackorder","9":"sale","10":"purchasable","11":"product-type-simple"},"_links":{"self":[{"href":"https:\/\/aramiso-test.verteco.app\/index.php?rest_route=\/wp\/v2\/product\/11157","targetHints":{"allow":["GET"]}}],"collection":[{"href":"https:\/\/aramiso-test.verteco.app\/index.php?rest_route=\/wp\/v2\/product"}],"about":[{"href":"https:\/\/aramiso-test.verteco.app\/index.php?rest_route=\/wp\/v2\/types\/product"}],"replies":[{"embeddable":true,"href":"https:\/\/aramiso-test.verteco.app\/index.php?rest_route=%2Fwp%2Fv2%2Fcomments&post=11157"}],"wp:attachment":[{"href":"https:\/\/aramiso-test.verteco.app\/index.php?rest_route=%2Fwp%2Fv2%2Fmedia&parent=11157"}],"wp:term":[{"taxonomy":"product_brand","embeddable":true,"href":"https:\/\/aramiso-test.verteco.app\/index.php?rest_route=%2Fwp%2Fv2%2Fproduct_brand&post=11157"},{"taxonomy":"product_cat","embeddable":true,"href":"https:\/\/aramiso-test.verteco.app\/index.php?rest_route=%2Fwp%2Fv2%2Fproduct_cat&post=11157"},{"taxonomy":"product_tag","embeddable":true,"href":"https:\/\/aramiso-test.verteco.app\/index.php?rest_route=%2Fwp%2Fv2%2Fproduct_tag&post=11157"}],"curies":[{"name":"wp","href":"https:\/\/api.w.org\/{rel}","templated":true}]}}