{"id":11138,"date":"2025-10-26T12:32:28","date_gmt":"2025-10-26T12:32:28","guid":{"rendered":"https:\/\/aramiso-test.verteco.app\/?product=stlpik-vrchne-kotvenie-pravy-aisi304-40x40x2-2"},"modified":"2025-10-26T12:32:31","modified_gmt":"2025-10-26T12:32:31","slug":"stlpik-vrchne-kotvenie-pravy-aisi304-40x40x2-2","status":"publish","type":"product","link":"https:\/\/aramiso-test.verteco.app\/?product=stlpik-vrchne-kotvenie-pravy-aisi304-40x40x2-2","title":{"rendered":"St\u013apik, vrchn\u00e9 kotvenie &#8211; prav\u00fd AISI304, 40x40x2\/2"},"content":{"rendered":"<p>Nerezov\u00fd hranat\u00fd st\u013apik s navarenou kotviacou pr\u00edrubou a krycou rozetou. S\u00fa\u010das\u0165ou st\u013apika je nastavite\u013en\u00fd dr\u017eiak madla a dr\u017eiaky skla (pre sklo hr\u00fabky 8,76 mm). Pou\u017e\u00edva sa na zhotovenie 1000 mm vysok\u00e9ho sklenen\u00e9ho z\u00e1bradlia ako koncov\u00fd st\u013apik. Kotviaci materi\u00e1l nie je s\u00fa\u010das\u0165ou.<\/p>\n","protected":false},"excerpt":{"rendered":"<p>Materi\u00e1l: Nerez AISI 304, Povrchov\u00e1 \u00faprava: Brus, Glass t: 8,76, St\u013apik: 40x40x2, Model: Model 22, L: 1000, Madlo: D42,4&#215;2, Kotvenie: Zhora<\/p>\n","protected":false},"featured_media":0,"comment_status":"closed","ping_status":"open","template":"","meta":[],"product_brand":[],"product_cat":[15],"product_tag":[],"class_list":{"0":"post-11138","1":"product","2":"type-product","3":"status-publish","5":"product_cat-uncategorized","7":"first","8":"instock","9":"sale","10":"purchasable","11":"product-type-simple"},"_links":{"self":[{"href":"https:\/\/aramiso-test.verteco.app\/index.php?rest_route=\/wp\/v2\/product\/11138","targetHints":{"allow":["GET"]}}],"collection":[{"href":"https:\/\/aramiso-test.verteco.app\/index.php?rest_route=\/wp\/v2\/product"}],"about":[{"href":"https:\/\/aramiso-test.verteco.app\/index.php?rest_route=\/wp\/v2\/types\/product"}],"replies":[{"embeddable":true,"href":"https:\/\/aramiso-test.verteco.app\/index.php?rest_route=%2Fwp%2Fv2%2Fcomments&post=11138"}],"wp:attachment":[{"href":"https:\/\/aramiso-test.verteco.app\/index.php?rest_route=%2Fwp%2Fv2%2Fmedia&parent=11138"}],"wp:term":[{"taxonomy":"product_brand","embeddable":true,"href":"https:\/\/aramiso-test.verteco.app\/index.php?rest_route=%2Fwp%2Fv2%2Fproduct_brand&post=11138"},{"taxonomy":"product_cat","embeddable":true,"href":"https:\/\/aramiso-test.verteco.app\/index.php?rest_route=%2Fwp%2Fv2%2Fproduct_cat&post=11138"},{"taxonomy":"product_tag","embeddable":true,"href":"https:\/\/aramiso-test.verteco.app\/index.php?rest_route=%2Fwp%2Fv2%2Fproduct_tag&post=11138"}],"curies":[{"name":"wp","href":"https:\/\/api.w.org\/{rel}","templated":true}]}}