{"id":11136,"date":"2025-08-03T12:34:29","date_gmt":"2025-08-03T12:34:29","guid":{"rendered":"https:\/\/aramiso-test.verteco.app\/?product=stlpik-vrchne-kotvenie-obojstranny-180-aisi304-3"},"modified":"2025-08-03T12:34:29","modified_gmt":"2025-08-03T12:34:29","slug":"stlpik-vrchne-kotvenie-obojstranny-180-aisi304-3","status":"publish","type":"product","link":"https:\/\/aramiso-test.verteco.app\/?product=stlpik-vrchne-kotvenie-obojstranny-180-aisi304-3","title":{"rendered":"St\u013apik, vrchn\u00e9 kotvenie &#8211; obojstrann\u00fd 180\u00b0 AISI304"},"content":{"rendered":"","protected":false},"excerpt":{"rendered":"<p>Materi\u00e1l: Nerez AISI 304, Povrchov\u00e1 \u00faprava: Brus, Pou\u017eitie: Rovina\/900mm, V\u00fdpl\u0148: Sklo, St\u013apik: 40x40x2, Model: Model 22, L: 900, Madlo: D42,4&#215;2, Kotvenie: Zhora, h1: 200, h2: 458, h3: 242<\/p>\n","protected":false},"featured_media":0,"comment_status":"closed","ping_status":"open","template":"","meta":[],"product_brand":[],"product_cat":[15],"product_tag":[],"class_list":{"0":"post-11136","1":"product","2":"type-product","3":"status-publish","5":"product_cat-uncategorized","7":"first","8":"instock","9":"purchasable","10":"product-type-simple"},"_links":{"self":[{"href":"https:\/\/aramiso-test.verteco.app\/index.php?rest_route=\/wp\/v2\/product\/11136","targetHints":{"allow":["GET"]}}],"collection":[{"href":"https:\/\/aramiso-test.verteco.app\/index.php?rest_route=\/wp\/v2\/product"}],"about":[{"href":"https:\/\/aramiso-test.verteco.app\/index.php?rest_route=\/wp\/v2\/types\/product"}],"replies":[{"embeddable":true,"href":"https:\/\/aramiso-test.verteco.app\/index.php?rest_route=%2Fwp%2Fv2%2Fcomments&post=11136"}],"wp:attachment":[{"href":"https:\/\/aramiso-test.verteco.app\/index.php?rest_route=%2Fwp%2Fv2%2Fmedia&parent=11136"}],"wp:term":[{"taxonomy":"product_brand","embeddable":true,"href":"https:\/\/aramiso-test.verteco.app\/index.php?rest_route=%2Fwp%2Fv2%2Fproduct_brand&post=11136"},{"taxonomy":"product_cat","embeddable":true,"href":"https:\/\/aramiso-test.verteco.app\/index.php?rest_route=%2Fwp%2Fv2%2Fproduct_cat&post=11136"},{"taxonomy":"product_tag","embeddable":true,"href":"https:\/\/aramiso-test.verteco.app\/index.php?rest_route=%2Fwp%2Fv2%2Fproduct_tag&post=11136"}],"curies":[{"name":"wp","href":"https:\/\/api.w.org\/{rel}","templated":true}]}}