{"id":11126,"date":"2025-08-03T12:34:17","date_gmt":"2025-08-03T12:34:17","guid":{"rendered":"https:\/\/aramiso-test.verteco.app\/?product=lisovacie-puzdro-otvorene-pre-dve-lanka"},"modified":"2025-08-03T12:34:23","modified_gmt":"2025-08-03T12:34:23","slug":"lisovacie-puzdro-otvorene-pre-dve-lanka","status":"publish","type":"product","link":"https:\/\/aramiso-test.verteco.app\/?product=lisovacie-puzdro-otvorene-pre-dve-lanka","title":{"rendered":"Lisovacie puzdro otvoren\u00e9 pre dve lank\u00e1"},"content":{"rendered":"<p>Materi\u00e1l: nerez AISI316.<br \/>\nRozmery: 7,0&#215;4,5mm.<br \/>\nVn\u00fatorn\u00fd priemer: 3,0mm.<br \/>\nHr\u00fabka steny: 0,5mm.<br \/>\nObr\u00e1zok je len ilustra\u010dn\u00fd.<\/p>\n","protected":false},"excerpt":{"rendered":"<p>Materi\u00e1l: Nerez AISI 316, Povrchov\u00e1 \u00faprava: Natural, V\u00fdpl\u0148: Lanko 2&#215;1,5, Priemer lanka: 1,5 mm<\/p>\n","protected":false},"featured_media":0,"comment_status":"closed","ping_status":"open","template":"","meta":[],"product_brand":[],"product_cat":[15],"product_tag":[],"class_list":{"0":"post-11126","1":"product","2":"type-product","3":"status-publish","5":"product_cat-uncategorized","7":"first","8":"onbackorder","9":"sale","10":"purchasable","11":"product-type-simple"},"_links":{"self":[{"href":"https:\/\/aramiso-test.verteco.app\/index.php?rest_route=\/wp\/v2\/product\/11126","targetHints":{"allow":["GET"]}}],"collection":[{"href":"https:\/\/aramiso-test.verteco.app\/index.php?rest_route=\/wp\/v2\/product"}],"about":[{"href":"https:\/\/aramiso-test.verteco.app\/index.php?rest_route=\/wp\/v2\/types\/product"}],"replies":[{"embeddable":true,"href":"https:\/\/aramiso-test.verteco.app\/index.php?rest_route=%2Fwp%2Fv2%2Fcomments&post=11126"}],"wp:attachment":[{"href":"https:\/\/aramiso-test.verteco.app\/index.php?rest_route=%2Fwp%2Fv2%2Fmedia&parent=11126"}],"wp:term":[{"taxonomy":"product_brand","embeddable":true,"href":"https:\/\/aramiso-test.verteco.app\/index.php?rest_route=%2Fwp%2Fv2%2Fproduct_brand&post=11126"},{"taxonomy":"product_cat","embeddable":true,"href":"https:\/\/aramiso-test.verteco.app\/index.php?rest_route=%2Fwp%2Fv2%2Fproduct_cat&post=11126"},{"taxonomy":"product_tag","embeddable":true,"href":"https:\/\/aramiso-test.verteco.app\/index.php?rest_route=%2Fwp%2Fv2%2Fproduct_tag&post=11126"}],"curies":[{"name":"wp","href":"https:\/\/api.w.org\/{rel}","templated":true}]}}