{"id":11124,"date":"2025-10-26T12:32:22","date_gmt":"2025-10-26T12:32:22","guid":{"rendered":"https:\/\/aramiso-test.verteco.app\/?product=uchyt-pre-dve-lanka"},"modified":"2025-10-26T12:32:28","modified_gmt":"2025-10-26T12:32:28","slug":"uchyt-pre-dve-lanka","status":"publish","type":"product","link":"https:\/\/aramiso-test.verteco.app\/?product=uchyt-pre-dve-lanka","title":{"rendered":"\u00dachyt pre dve lank\u00e1"},"content":{"rendered":"<p>Nerezov\u00fd \u00fachyt pre 2 lank\u00e1. \u00dachyt sa sklad\u00e1 z dvoch \u010dast\u00ed &#8211; vn\u00fatornej z\u00e1vla\u010dky a vonkaj\u0161ieho p\u00fazdra.<\/p>\n","protected":false},"excerpt":{"rendered":"<p>Materi\u00e1l: Nerez AISI 316, Povrchov\u00e1 \u00faprava: Brus, V\u00fdpl\u0148: Lanko 2&#215;1,5, Priemer lanka: 1,5 mm<\/p>\n","protected":false},"featured_media":0,"comment_status":"closed","ping_status":"open","template":"","meta":[],"product_brand":[],"product_cat":[15],"product_tag":[],"class_list":{"0":"post-11124","1":"product","2":"type-product","3":"status-publish","5":"product_cat-uncategorized","7":"first","8":"onbackorder","9":"sale","10":"purchasable","11":"product-type-simple"},"_links":{"self":[{"href":"https:\/\/aramiso-test.verteco.app\/index.php?rest_route=\/wp\/v2\/product\/11124","targetHints":{"allow":["GET"]}}],"collection":[{"href":"https:\/\/aramiso-test.verteco.app\/index.php?rest_route=\/wp\/v2\/product"}],"about":[{"href":"https:\/\/aramiso-test.verteco.app\/index.php?rest_route=\/wp\/v2\/types\/product"}],"replies":[{"embeddable":true,"href":"https:\/\/aramiso-test.verteco.app\/index.php?rest_route=%2Fwp%2Fv2%2Fcomments&post=11124"}],"wp:attachment":[{"href":"https:\/\/aramiso-test.verteco.app\/index.php?rest_route=%2Fwp%2Fv2%2Fmedia&parent=11124"}],"wp:term":[{"taxonomy":"product_brand","embeddable":true,"href":"https:\/\/aramiso-test.verteco.app\/index.php?rest_route=%2Fwp%2Fv2%2Fproduct_brand&post=11124"},{"taxonomy":"product_cat","embeddable":true,"href":"https:\/\/aramiso-test.verteco.app\/index.php?rest_route=%2Fwp%2Fv2%2Fproduct_cat&post=11124"},{"taxonomy":"product_tag","embeddable":true,"href":"https:\/\/aramiso-test.verteco.app\/index.php?rest_route=%2Fwp%2Fv2%2Fproduct_tag&post=11124"}],"curies":[{"name":"wp","href":"https:\/\/api.w.org\/{rel}","templated":true}]}}