{"id":11085,"date":"2025-08-03T12:32:59","date_gmt":"2025-08-03T12:32:59","guid":{"rendered":"https:\/\/aramiso-test.verteco.app\/?product=uchytka-lanka-napinak-5"},"modified":"2025-08-03T12:33:06","modified_gmt":"2025-08-03T12:33:06","slug":"uchytka-lanka-napinak-5","status":"publish","type":"product","link":"https:\/\/aramiso-test.verteco.app\/?product=uchytka-lanka-napinak-5","title":{"rendered":"\u00dachytka lanka &#8211; napin\u00e1k"},"content":{"rendered":"<p>Nap\u00ednak na lanko je mechanick\u00fd komponent pou\u017e\u00edvan\u00fd na nap\u00ednanie a nastavovanie nap\u00e4tia v lank\u00e1ch. Tento n\u00e1stroj je d\u00f4le\u017eit\u00fd pre zabezpe\u010denie spr\u00e1vneho napnutia lanka, \u010do je k\u013e\u00fa\u010dov\u00e9 pre stabilitu a bezpe\u010dnos\u0165 kon\u0161trukci\u00ed, kde sa lanko pou\u017e\u00edva. Nap\u00ednaky sa \u010dasto vyu\u017e\u00edvaj\u00fa napr\u00edklad v z\u00e1bradliach &#8211; nap\u00ednanie lankov\u00fdch v\u00fdpln\u00ed v modern\u00fdch z\u00e1bradliach, kde je d\u00f4le\u017eit\u00e9 estetick\u00e9 a funk\u010dn\u00e9 napnutie.<\/p>\n","protected":false},"excerpt":{"rendered":"<p>Materi\u00e1l: Nerez AISI 316, Povrchov\u00e1 \u00faprava: Brus, V\u00fdpl\u0148: Lanko, L: 66, Priemer lanka: 5 mm, b: 15, D: 16, d: 5, d2: 8, h: 10,5<\/p>\n","protected":false},"featured_media":0,"comment_status":"closed","ping_status":"open","template":"","meta":[],"product_brand":[],"product_cat":[15],"product_tag":[],"class_list":{"0":"post-11085","1":"product","2":"type-product","3":"status-publish","5":"product_cat-uncategorized","7":"first","8":"onbackorder","9":"sale","10":"purchasable","11":"product-type-simple"},"_links":{"self":[{"href":"https:\/\/aramiso-test.verteco.app\/index.php?rest_route=\/wp\/v2\/product\/11085","targetHints":{"allow":["GET"]}}],"collection":[{"href":"https:\/\/aramiso-test.verteco.app\/index.php?rest_route=\/wp\/v2\/product"}],"about":[{"href":"https:\/\/aramiso-test.verteco.app\/index.php?rest_route=\/wp\/v2\/types\/product"}],"replies":[{"embeddable":true,"href":"https:\/\/aramiso-test.verteco.app\/index.php?rest_route=%2Fwp%2Fv2%2Fcomments&post=11085"}],"wp:attachment":[{"href":"https:\/\/aramiso-test.verteco.app\/index.php?rest_route=%2Fwp%2Fv2%2Fmedia&parent=11085"}],"wp:term":[{"taxonomy":"product_brand","embeddable":true,"href":"https:\/\/aramiso-test.verteco.app\/index.php?rest_route=%2Fwp%2Fv2%2Fproduct_brand&post=11085"},{"taxonomy":"product_cat","embeddable":true,"href":"https:\/\/aramiso-test.verteco.app\/index.php?rest_route=%2Fwp%2Fv2%2Fproduct_cat&post=11085"},{"taxonomy":"product_tag","embeddable":true,"href":"https:\/\/aramiso-test.verteco.app\/index.php?rest_route=%2Fwp%2Fv2%2Fproduct_tag&post=11085"}],"curies":[{"name":"wp","href":"https:\/\/api.w.org\/{rel}","templated":true}]}}