{"id":11084,"date":"2025-10-26T12:32:12","date_gmt":"2025-10-26T12:32:12","guid":{"rendered":"https:\/\/aramiso-test.verteco.app\/?product=drziak-lanka-nastavitelny-2"},"modified":"2025-10-26T12:32:17","modified_gmt":"2025-10-26T12:32:17","slug":"drziak-lanka-nastavitelny-2","status":"publish","type":"product","link":"https:\/\/aramiso-test.verteco.app\/?product=drziak-lanka-nastavitelny-2","title":{"rendered":"Dr\u017eiak lanka-nastavite\u013en\u00fd"},"content":{"rendered":"<p>Nerezov\u00fd nastavite\u013en\u00fd dr\u017eiak lanka je kon\u0161truk\u010dn\u00fd prvok, ktor\u00fd sl\u00fa\u017ei na kotvenie lanka cez st\u013apik. Lankov\u00e1 v\u00fdpl\u0148 je v s\u00fa\u010dasnej dobe \u010dastokr\u00e1t s\u00fa\u010dast\u00b4mnoh\u00fdch z\u00e1bradl\u00ed, ktor\u00fdm dod\u00e1va modern\u00fd a jednoduchy vzh\u013ead. Samotn\u00fd dr\u017eiak zabezpe\u010duje stabilitu a pevnos\u0165 lanka, \u010do je k\u013e\u00fa\u010dov\u00e9 pre bezpe\u010dnos\u0165 pou\u017e\u00edvate\u013eov z\u00e1bradlia.<\/p>\n","protected":false},"excerpt":{"rendered":"<p>Materi\u00e1l: Nerez AISI 304, Povrchov\u00e1 \u00faprava: Brus, V\u00fdpl\u0148: Lanko, Priemer lanka: 4 mm\/5 mm, D: 17<\/p>\n","protected":false},"featured_media":0,"comment_status":"closed","ping_status":"open","template":"","meta":[],"product_brand":[],"product_cat":[15],"product_tag":[],"class_list":{"0":"post-11084","1":"product","2":"type-product","3":"status-publish","5":"product_cat-uncategorized","7":"first","8":"onbackorder","9":"sale","10":"purchasable","11":"product-type-simple"},"_links":{"self":[{"href":"https:\/\/aramiso-test.verteco.app\/index.php?rest_route=\/wp\/v2\/product\/11084","targetHints":{"allow":["GET"]}}],"collection":[{"href":"https:\/\/aramiso-test.verteco.app\/index.php?rest_route=\/wp\/v2\/product"}],"about":[{"href":"https:\/\/aramiso-test.verteco.app\/index.php?rest_route=\/wp\/v2\/types\/product"}],"replies":[{"embeddable":true,"href":"https:\/\/aramiso-test.verteco.app\/index.php?rest_route=%2Fwp%2Fv2%2Fcomments&post=11084"}],"wp:attachment":[{"href":"https:\/\/aramiso-test.verteco.app\/index.php?rest_route=%2Fwp%2Fv2%2Fmedia&parent=11084"}],"wp:term":[{"taxonomy":"product_brand","embeddable":true,"href":"https:\/\/aramiso-test.verteco.app\/index.php?rest_route=%2Fwp%2Fv2%2Fproduct_brand&post=11084"},{"taxonomy":"product_cat","embeddable":true,"href":"https:\/\/aramiso-test.verteco.app\/index.php?rest_route=%2Fwp%2Fv2%2Fproduct_cat&post=11084"},{"taxonomy":"product_tag","embeddable":true,"href":"https:\/\/aramiso-test.verteco.app\/index.php?rest_route=%2Fwp%2Fv2%2Fproduct_tag&post=11084"}],"curies":[{"name":"wp","href":"https:\/\/api.w.org\/{rel}","templated":true}]}}