{"id":11080,"date":"2025-10-26T12:32:12","date_gmt":"2025-10-26T12:32:12","guid":{"rendered":"https:\/\/aramiso-test.verteco.app\/?product=drziak-lanka"},"modified":"2025-10-26T12:32:18","modified_gmt":"2025-10-26T12:32:18","slug":"drziak-lanka","status":"publish","type":"product","link":"https:\/\/aramiso-test.verteco.app\/?product=drziak-lanka","title":{"rendered":"Dr\u017eiak lanka"},"content":{"rendered":"<p>Dr\u017eiak lanka sl\u00fa\u017ei na upevnenie lanka do kon\u0161trukcie, \u010d\u00edm umo\u017e\u0148uje jeho bezpe\u010dn\u00e9 a stabiln\u00e9 pou\u017eitie. Zvy\u010dajne s\u00fa tieto lankov\u00e9 syst\u00e9my vyu\u017e\u00edvan\u00e9 ako v\u00fdplne pre zabradlia a vytvaraj\u00fa modern\u00fd a jednoduch\u00fd vzh\u013ead. Pr\u00e1ca s t\u00fdmto lankov\u00fdm syst\u00e9mom a jeho in\u0161tal\u00e1cia je jednoduch\u00e1 vy\u017eaduje sa len uchytenie lanka do dr\u017eiaka a jeho n\u00e1sledn\u00e9 \u0161panovan\u00e9 prostredn\u00edctvom u\u0165ahovania lanka. Tento l\u00e1nkov\u00fd dr\u017eiak umo\u017e\u0148uje vytvori\u0165 jdnoduch\u00fa l\u00e1nkovu v\u00fdpl\u0148 z\u00e1bradlia bez mo\u017enosti nastavenia sklonu.<\/p>\n","protected":false},"excerpt":{"rendered":"<p>Materi\u00e1l: Nerez AISI 316, Povrchov\u00e1 \u00faprava: Brus, V\u00fdpl\u0148: Lanko, Priemer lanka: 4 mm\/5 mm\/6 mm, d: 4-6<\/p>\n","protected":false},"featured_media":0,"comment_status":"closed","ping_status":"open","template":"","meta":[],"product_brand":[],"product_cat":[15],"product_tag":[],"class_list":{"0":"post-11080","1":"product","2":"type-product","3":"status-publish","5":"product_cat-uncategorized","7":"first","8":"onbackorder","9":"sale","10":"purchasable","11":"product-type-simple"},"_links":{"self":[{"href":"https:\/\/aramiso-test.verteco.app\/index.php?rest_route=\/wp\/v2\/product\/11080","targetHints":{"allow":["GET"]}}],"collection":[{"href":"https:\/\/aramiso-test.verteco.app\/index.php?rest_route=\/wp\/v2\/product"}],"about":[{"href":"https:\/\/aramiso-test.verteco.app\/index.php?rest_route=\/wp\/v2\/types\/product"}],"replies":[{"embeddable":true,"href":"https:\/\/aramiso-test.verteco.app\/index.php?rest_route=%2Fwp%2Fv2%2Fcomments&post=11080"}],"wp:attachment":[{"href":"https:\/\/aramiso-test.verteco.app\/index.php?rest_route=%2Fwp%2Fv2%2Fmedia&parent=11080"}],"wp:term":[{"taxonomy":"product_brand","embeddable":true,"href":"https:\/\/aramiso-test.verteco.app\/index.php?rest_route=%2Fwp%2Fv2%2Fproduct_brand&post=11080"},{"taxonomy":"product_cat","embeddable":true,"href":"https:\/\/aramiso-test.verteco.app\/index.php?rest_route=%2Fwp%2Fv2%2Fproduct_cat&post=11080"},{"taxonomy":"product_tag","embeddable":true,"href":"https:\/\/aramiso-test.verteco.app\/index.php?rest_route=%2Fwp%2Fv2%2Fproduct_tag&post=11080"}],"curies":[{"name":"wp","href":"https:\/\/api.w.org\/{rel}","templated":true}]}}