{"id":11065,"date":"2025-10-26T12:32:08","date_gmt":"2025-10-26T12:32:08","guid":{"rendered":"https:\/\/aramiso-test.verteco.app\/?product=kotvenie-vrchne-priruba-17"},"modified":"2025-10-26T12:32:12","modified_gmt":"2025-10-26T12:32:12","slug":"kotvenie-vrchne-priruba-17","status":"publish","type":"product","link":"https:\/\/aramiso-test.verteco.app\/?product=kotvenie-vrchne-priruba-17","title":{"rendered":"Kotvenie vrchn\u00e9 &#8211; pr\u00edruba"},"content":{"rendered":"<p>Kotviaci prvok z nehrdzavej\u00facej ocele pre jaklov\u00e9 st\u013apiky. Vonkaj\u0161ie rozmery: 100&#215;100\/ mont\u00e1\u017eny \u010dap v\u00fd\u0161ka 50 mm. Vhodn\u00fd pre profil 40x40x2 mm, nar\u00e1\u017ean\u00fd do profilu, 4x mont\u00e1\u017ene otvory D12 mm, materi\u00e1l AISI 304, br\u00fasen\u00fd povrch.<\/p>\n","protected":false},"excerpt":{"rendered":"<p>Materi\u00e1l: Nerez AISI 304, Povrchov\u00e1 \u00faprava: Brus<\/p>\n","protected":false},"featured_media":0,"comment_status":"closed","ping_status":"open","template":"","meta":[],"product_brand":[],"product_cat":[15],"product_tag":[],"class_list":{"0":"post-11065","1":"product","2":"type-product","3":"status-publish","5":"product_cat-uncategorized","7":"first","8":"onbackorder","9":"sale","10":"purchasable","11":"product-type-simple"},"_links":{"self":[{"href":"https:\/\/aramiso-test.verteco.app\/index.php?rest_route=\/wp\/v2\/product\/11065","targetHints":{"allow":["GET"]}}],"collection":[{"href":"https:\/\/aramiso-test.verteco.app\/index.php?rest_route=\/wp\/v2\/product"}],"about":[{"href":"https:\/\/aramiso-test.verteco.app\/index.php?rest_route=\/wp\/v2\/types\/product"}],"replies":[{"embeddable":true,"href":"https:\/\/aramiso-test.verteco.app\/index.php?rest_route=%2Fwp%2Fv2%2Fcomments&post=11065"}],"wp:attachment":[{"href":"https:\/\/aramiso-test.verteco.app\/index.php?rest_route=%2Fwp%2Fv2%2Fmedia&parent=11065"}],"wp:term":[{"taxonomy":"product_brand","embeddable":true,"href":"https:\/\/aramiso-test.verteco.app\/index.php?rest_route=%2Fwp%2Fv2%2Fproduct_brand&post=11065"},{"taxonomy":"product_cat","embeddable":true,"href":"https:\/\/aramiso-test.verteco.app\/index.php?rest_route=%2Fwp%2Fv2%2Fproduct_cat&post=11065"},{"taxonomy":"product_tag","embeddable":true,"href":"https:\/\/aramiso-test.verteco.app\/index.php?rest_route=%2Fwp%2Fv2%2Fproduct_tag&post=11065"}],"curies":[{"name":"wp","href":"https:\/\/api.w.org\/{rel}","templated":true}]}}