{"id":11057,"date":"2025-10-26T12:32:08","date_gmt":"2025-10-26T12:32:08","guid":{"rendered":"https:\/\/aramiso-test.verteco.app\/?product=podlozka-uhlovo-nastavitelna-2"},"modified":"2025-10-26T12:32:11","modified_gmt":"2025-10-26T12:32:11","slug":"podlozka-uhlovo-nastavitelna-2","status":"publish","type":"product","link":"https:\/\/aramiso-test.verteco.app\/?product=podlozka-uhlovo-nastavitelna-2","title":{"rendered":"Podlo\u017eka &#8211; uhlovo nastavite\u013en\u00e1"},"content":{"rendered":"<p>Podlo\u017eka &#8211; uhlovo nastavite\u013en\u00e1 ur\u010den\u00e1 na uhlov\u00fa korekciu pri kotven\u00ed spigota a st\u013apika s vrchn\u00fdm kotven\u00edm<\/p>\n","protected":false},"excerpt":{"rendered":"<p>Materi\u00e1l: Nerez AISI 304, Povrchov\u00e1 \u00faprava: Natural, Kotvenie: Zhora<\/p>\n","protected":false},"featured_media":0,"comment_status":"closed","ping_status":"open","template":"","meta":[],"product_brand":[],"product_cat":[15],"product_tag":[],"class_list":{"0":"post-11057","1":"product","2":"type-product","3":"status-publish","5":"product_cat-uncategorized","7":"first","8":"instock","9":"sale","10":"purchasable","11":"product-type-simple"},"_links":{"self":[{"href":"https:\/\/aramiso-test.verteco.app\/index.php?rest_route=\/wp\/v2\/product\/11057","targetHints":{"allow":["GET"]}}],"collection":[{"href":"https:\/\/aramiso-test.verteco.app\/index.php?rest_route=\/wp\/v2\/product"}],"about":[{"href":"https:\/\/aramiso-test.verteco.app\/index.php?rest_route=\/wp\/v2\/types\/product"}],"replies":[{"embeddable":true,"href":"https:\/\/aramiso-test.verteco.app\/index.php?rest_route=%2Fwp%2Fv2%2Fcomments&post=11057"}],"wp:attachment":[{"href":"https:\/\/aramiso-test.verteco.app\/index.php?rest_route=%2Fwp%2Fv2%2Fmedia&parent=11057"}],"wp:term":[{"taxonomy":"product_brand","embeddable":true,"href":"https:\/\/aramiso-test.verteco.app\/index.php?rest_route=%2Fwp%2Fv2%2Fproduct_brand&post=11057"},{"taxonomy":"product_cat","embeddable":true,"href":"https:\/\/aramiso-test.verteco.app\/index.php?rest_route=%2Fwp%2Fv2%2Fproduct_cat&post=11057"},{"taxonomy":"product_tag","embeddable":true,"href":"https:\/\/aramiso-test.verteco.app\/index.php?rest_route=%2Fwp%2Fv2%2Fproduct_tag&post=11057"}],"curies":[{"name":"wp","href":"https:\/\/api.w.org\/{rel}","templated":true}]}}