{"id":11000,"date":"2025-08-03T12:30:48","date_gmt":"2025-08-03T12:30:48","guid":{"rendered":"https:\/\/aramiso-test.verteco.app\/?product=kotvenie-vrchne-rozeta-12"},"modified":"2025-08-03T12:30:52","modified_gmt":"2025-08-03T12:30:52","slug":"kotvenie-vrchne-rozeta-12","status":"publish","type":"product","link":"https:\/\/aramiso-test.verteco.app\/?product=kotvenie-vrchne-rozeta-12","title":{"rendered":"Kotvenie vrchn\u00e9 &#8211; rozeta"},"content":{"rendered":"<p>Krycia rozeta je d\u00f4le\u017eit\u00fdm dizajnov\u00fdm prvkom, ktor\u00fd prispieva k celkov\u00e9mu vzh\u013eadu z\u00e1bradlia a zabezpe\u010duje estetick\u00e9 a profesion\u00e1lne zakrytie monta\u017en\u00fdch spojov. Pri v\u00fdbere krycej rozety je d\u00f4le\u017eit\u00e9 zoh\u013eadni\u0165 jej tvar, ve\u013ekos\u0165, dizajn a kompatibilitu s ostatn\u00fdmi komponentmi.<\/p>\n","protected":false},"excerpt":{"rendered":"<p>Materi\u00e1l: Nerez AISI 304, Povrchov\u00e1 \u00faprava: Lesk, St\u013apik: D42,4&#215;2, Madlo: D42,4, b: 13, D: 90, d: 42,4<\/p>\n","protected":false},"featured_media":0,"comment_status":"closed","ping_status":"open","template":"","meta":[],"product_brand":[],"product_cat":[15],"product_tag":[],"class_list":{"0":"post-11000","1":"product","2":"type-product","3":"status-publish","5":"product_cat-uncategorized","7":"first","8":"onbackorder","9":"sale","10":"purchasable","11":"product-type-simple"},"_links":{"self":[{"href":"https:\/\/aramiso-test.verteco.app\/index.php?rest_route=\/wp\/v2\/product\/11000","targetHints":{"allow":["GET"]}}],"collection":[{"href":"https:\/\/aramiso-test.verteco.app\/index.php?rest_route=\/wp\/v2\/product"}],"about":[{"href":"https:\/\/aramiso-test.verteco.app\/index.php?rest_route=\/wp\/v2\/types\/product"}],"replies":[{"embeddable":true,"href":"https:\/\/aramiso-test.verteco.app\/index.php?rest_route=%2Fwp%2Fv2%2Fcomments&post=11000"}],"wp:attachment":[{"href":"https:\/\/aramiso-test.verteco.app\/index.php?rest_route=%2Fwp%2Fv2%2Fmedia&parent=11000"}],"wp:term":[{"taxonomy":"product_brand","embeddable":true,"href":"https:\/\/aramiso-test.verteco.app\/index.php?rest_route=%2Fwp%2Fv2%2Fproduct_brand&post=11000"},{"taxonomy":"product_cat","embeddable":true,"href":"https:\/\/aramiso-test.verteco.app\/index.php?rest_route=%2Fwp%2Fv2%2Fproduct_cat&post=11000"},{"taxonomy":"product_tag","embeddable":true,"href":"https:\/\/aramiso-test.verteco.app\/index.php?rest_route=%2Fwp%2Fv2%2Fproduct_tag&post=11000"}],"curies":[{"name":"wp","href":"https:\/\/api.w.org\/{rel}","templated":true}]}}