{"id":10965,"date":"2025-10-26T12:30:41","date_gmt":"2025-10-26T12:30:41","guid":{"rendered":"https:\/\/aramiso-test.verteco.app\/?product=madlo-stvorcove-s-drazkou-smrek"},"modified":"2025-10-26T12:30:45","modified_gmt":"2025-10-26T12:30:45","slug":"madlo-stvorcove-s-drazkou-smrek","status":"publish","type":"product","link":"https:\/\/aramiso-test.verteco.app\/?product=madlo-stvorcove-s-drazkou-smrek","title":{"rendered":"Madlo \u0161tvorcov\u00e9 s dr\u00e1\u017ekou, SMREK"},"content":{"rendered":"<p>Madlo \u0161tvorcov\u00e9 s dr\u00e1\u017ekou<br \/>\nSMREK<br \/>\n45x45mm<br \/>\nd\u013a\u017eka 3000mm<br \/>\nCINK<br \/>\ndr\u00e1\u017eka 32x6mm<br \/>\nsurov\u00fd stav<\/p>\n","protected":false},"excerpt":{"rendered":"<p>Materi\u00e1l: Drevo Smrek, Povrchov\u00e1 \u00faprava: Natural, L: 3000, A: 45, B: 45<\/p>\n","protected":false},"featured_media":0,"comment_status":"closed","ping_status":"open","template":"","meta":[],"product_brand":[],"product_cat":[15],"product_tag":[],"class_list":{"0":"post-10965","1":"product","2":"type-product","3":"status-publish","5":"product_cat-uncategorized","7":"first","8":"instock","9":"sale","10":"purchasable","11":"product-type-simple"},"_links":{"self":[{"href":"https:\/\/aramiso-test.verteco.app\/index.php?rest_route=\/wp\/v2\/product\/10965","targetHints":{"allow":["GET"]}}],"collection":[{"href":"https:\/\/aramiso-test.verteco.app\/index.php?rest_route=\/wp\/v2\/product"}],"about":[{"href":"https:\/\/aramiso-test.verteco.app\/index.php?rest_route=\/wp\/v2\/types\/product"}],"replies":[{"embeddable":true,"href":"https:\/\/aramiso-test.verteco.app\/index.php?rest_route=%2Fwp%2Fv2%2Fcomments&post=10965"}],"wp:attachment":[{"href":"https:\/\/aramiso-test.verteco.app\/index.php?rest_route=%2Fwp%2Fv2%2Fmedia&parent=10965"}],"wp:term":[{"taxonomy":"product_brand","embeddable":true,"href":"https:\/\/aramiso-test.verteco.app\/index.php?rest_route=%2Fwp%2Fv2%2Fproduct_brand&post=10965"},{"taxonomy":"product_cat","embeddable":true,"href":"https:\/\/aramiso-test.verteco.app\/index.php?rest_route=%2Fwp%2Fv2%2Fproduct_cat&post=10965"},{"taxonomy":"product_tag","embeddable":true,"href":"https:\/\/aramiso-test.verteco.app\/index.php?rest_route=%2Fwp%2Fv2%2Fproduct_tag&post=10965"}],"curies":[{"name":"wp","href":"https:\/\/api.w.org\/{rel}","templated":true}]}}