{"id":10956,"date":"2025-09-03T11:07:00","date_gmt":"2025-09-03T11:07:00","guid":{"rendered":"https:\/\/aramiso-test.verteco.app\/?product=drevene-madlo-dub-cink-2"},"modified":"2025-09-03T11:07:01","modified_gmt":"2025-09-03T11:07:01","slug":"drevene-madlo-dub-cink-2","status":"publish","type":"product","link":"https:\/\/aramiso-test.verteco.app\/?product=drevene-madlo-dub-cink-2","title":{"rendered":"Dreven\u00e9 madlo &#8211; DUB, CINK"},"content":{"rendered":"<p>Dreven\u00e9 madlo na stenu, schodisko alebo z\u00e1bradlie.<br \/>\nVyroben\u00e9 z cinkovan\u00e9ho dubov\u00e9ho dreva (vyr\u00e1ba sa lepen\u00edm viacer\u00fdch \u010dast\u00ed po ich \u0161\u00edrke) Madla s\u00fa sp\u00e1jan\u00e9 z\u00fabkovit\u00fdm spojom CINK 60+, balen\u00e9 v ochrannom ruk\u00e1ve.<br \/>\n\u0160tvorcov\u00e9 madlo vo ve\u013ekosti 40x40mm, d\u013a\u017eka 2000mm (tolerancia +-5%)<br \/>\nBez povrchovej \u00fapravy<\/p>\n","protected":false},"excerpt":{"rendered":"<p>Materi\u00e1l: Drevo Dub &#8211; CINK, Povrchov\u00e1 \u00faprava: Natural, L: 2000, Madlo: 40&#215;40 &#8211; pln\u00fd, D: 40, h: 40, Phi sq: 40&#215;40<\/p>\n","protected":false},"featured_media":0,"comment_status":"closed","ping_status":"open","template":"","meta":[],"product_brand":[],"product_cat":[15],"product_tag":[],"class_list":{"0":"post-10956","1":"product","2":"type-product","3":"status-publish","5":"product_cat-uncategorized","7":"first","8":"instock","9":"sale","10":"purchasable","11":"product-type-simple"},"_links":{"self":[{"href":"https:\/\/aramiso-test.verteco.app\/index.php?rest_route=\/wp\/v2\/product\/10956","targetHints":{"allow":["GET"]}}],"collection":[{"href":"https:\/\/aramiso-test.verteco.app\/index.php?rest_route=\/wp\/v2\/product"}],"about":[{"href":"https:\/\/aramiso-test.verteco.app\/index.php?rest_route=\/wp\/v2\/types\/product"}],"replies":[{"embeddable":true,"href":"https:\/\/aramiso-test.verteco.app\/index.php?rest_route=%2Fwp%2Fv2%2Fcomments&post=10956"}],"wp:attachment":[{"href":"https:\/\/aramiso-test.verteco.app\/index.php?rest_route=%2Fwp%2Fv2%2Fmedia&parent=10956"}],"wp:term":[{"taxonomy":"product_brand","embeddable":true,"href":"https:\/\/aramiso-test.verteco.app\/index.php?rest_route=%2Fwp%2Fv2%2Fproduct_brand&post=10956"},{"taxonomy":"product_cat","embeddable":true,"href":"https:\/\/aramiso-test.verteco.app\/index.php?rest_route=%2Fwp%2Fv2%2Fproduct_cat&post=10956"},{"taxonomy":"product_tag","embeddable":true,"href":"https:\/\/aramiso-test.verteco.app\/index.php?rest_route=%2Fwp%2Fv2%2Fproduct_tag&post=10956"}],"curies":[{"name":"wp","href":"https:\/\/api.w.org\/{rel}","templated":true}]}}