{"id":10942,"date":"2025-10-26T12:30:39","date_gmt":"2025-10-26T12:30:39","guid":{"rendered":"https:\/\/aramiso-test.verteco.app\/?product=madlo-drevene-buk-2m2m"},"modified":"2025-10-26T12:30:40","modified_gmt":"2025-10-26T12:30:40","slug":"madlo-drevene-buk-2m2m","status":"publish","type":"product","link":"https:\/\/aramiso-test.verteco.app\/?product=madlo-drevene-buk-2m2m","title":{"rendered":"Madlo dreven\u00e9 &#8211; BUK, 2m+2m"},"content":{"rendered":"<p>Madlo buk D42mm, L2000mm + 2000mm (tolerancia +-5%), Madlo je dod\u00e1van\u00e9 v dvoch 2m kusov + spojovac\u00ed kol\u00edk, balen\u00e9 v ochrannom ruk\u00e1ve.  Doporu\u010den\u00e9 pr\u00edslu\u0161enstvo: ukon\u010denia madiel, prechody gu\u013eov\u00e9 a kolen\u00e1 (v ponuke aj nerezov\u00e9 kat. A20\/&#8230;&#8230;)<\/p>\n","protected":false},"excerpt":{"rendered":"<p>Materi\u00e1l: Drevo Buk, Povrchov\u00e1 \u00faprava: Natural, St\u013apik: D42,4&#215;2, L: 2000 + 2000, Madlo: D42 &#8211; pln\u00e9, D: 42<\/p>\n","protected":false},"featured_media":0,"comment_status":"closed","ping_status":"open","template":"","meta":[],"product_brand":[],"product_cat":[15],"product_tag":[],"class_list":{"0":"post-10942","1":"product","2":"type-product","3":"status-publish","5":"product_cat-uncategorized","7":"first","8":"onbackorder","9":"sale","10":"purchasable","11":"product-type-simple"},"_links":{"self":[{"href":"https:\/\/aramiso-test.verteco.app\/index.php?rest_route=\/wp\/v2\/product\/10942","targetHints":{"allow":["GET"]}}],"collection":[{"href":"https:\/\/aramiso-test.verteco.app\/index.php?rest_route=\/wp\/v2\/product"}],"about":[{"href":"https:\/\/aramiso-test.verteco.app\/index.php?rest_route=\/wp\/v2\/types\/product"}],"replies":[{"embeddable":true,"href":"https:\/\/aramiso-test.verteco.app\/index.php?rest_route=%2Fwp%2Fv2%2Fcomments&post=10942"}],"wp:attachment":[{"href":"https:\/\/aramiso-test.verteco.app\/index.php?rest_route=%2Fwp%2Fv2%2Fmedia&parent=10942"}],"wp:term":[{"taxonomy":"product_brand","embeddable":true,"href":"https:\/\/aramiso-test.verteco.app\/index.php?rest_route=%2Fwp%2Fv2%2Fproduct_brand&post=10942"},{"taxonomy":"product_cat","embeddable":true,"href":"https:\/\/aramiso-test.verteco.app\/index.php?rest_route=%2Fwp%2Fv2%2Fproduct_cat&post=10942"},{"taxonomy":"product_tag","embeddable":true,"href":"https:\/\/aramiso-test.verteco.app\/index.php?rest_route=%2Fwp%2Fv2%2Fproduct_tag&post=10942"}],"curies":[{"name":"wp","href":"https:\/\/api.w.org\/{rel}","templated":true}]}}