{"id":10941,"date":"2025-08-25T11:20:12","date_gmt":"2025-08-25T11:20:12","guid":{"rendered":"https:\/\/aramiso-test.verteco.app\/?product=madlo-drevene-buk-cierne"},"modified":"2025-08-25T11:20:13","modified_gmt":"2025-08-25T11:20:13","slug":"madlo-drevene-buk-cierne","status":"publish","type":"product","link":"https:\/\/aramiso-test.verteco.app\/?product=madlo-drevene-buk-cierne","title":{"rendered":"Madlo dreven\u00e9 &#8211; BUK &#8211; \u010dierne"},"content":{"rendered":"<p>Dreven\u00e9 madlo na stenu, schodisko alebo z\u00e1bradlie. Vyroben\u00e9 z mas\u00edvneho bukov\u00e9ho dreva, balen\u00e9 v ochrannom ruk\u00e1ve.<br \/>\nKruhov\u00e9 madlo o priemere 42mm, d\u013a\u017eka 3000mm (tolerancia +-5%)<br \/>\nOkr\u00fahly tvar je mimoriadne pr\u00edjemn\u00fd a jeden z naj\u010dastej\u0161ie pou\u017e\u00edvan\u00fdch typov z\u00e1bradlia.<br \/>\nFarba &#8211; \u010dierna<br \/>\nDoporu\u010den\u00e9 pr\u00edslu\u0161enstvo: ukon\u010denia madiel, prechody gu\u013eov\u00e9 a kolen\u00e1 (v ponuke aj nerezov\u00e9 kat. A20\/&#8230;&#8230;)<\/p>\n","protected":false},"excerpt":{"rendered":"<p>Materi\u00e1l: Drevo Buk, Povrchov\u00e1 \u00faprava: Farba, St\u013apik: D42,4&#215;2, Vzh\u013ead: \u010cierna, L: 3000, Madlo: D42 &#8211; pln\u00e9, D: 42<\/p>\n","protected":false},"featured_media":0,"comment_status":"closed","ping_status":"open","template":"","meta":[],"product_brand":[],"product_cat":[15],"product_tag":[],"class_list":{"0":"post-10941","1":"product","2":"type-product","3":"status-publish","5":"product_cat-uncategorized","7":"first","8":"instock","9":"sale","10":"purchasable","11":"product-type-simple"},"_links":{"self":[{"href":"https:\/\/aramiso-test.verteco.app\/index.php?rest_route=\/wp\/v2\/product\/10941","targetHints":{"allow":["GET"]}}],"collection":[{"href":"https:\/\/aramiso-test.verteco.app\/index.php?rest_route=\/wp\/v2\/product"}],"about":[{"href":"https:\/\/aramiso-test.verteco.app\/index.php?rest_route=\/wp\/v2\/types\/product"}],"replies":[{"embeddable":true,"href":"https:\/\/aramiso-test.verteco.app\/index.php?rest_route=%2Fwp%2Fv2%2Fcomments&post=10941"}],"wp:attachment":[{"href":"https:\/\/aramiso-test.verteco.app\/index.php?rest_route=%2Fwp%2Fv2%2Fmedia&parent=10941"}],"wp:term":[{"taxonomy":"product_brand","embeddable":true,"href":"https:\/\/aramiso-test.verteco.app\/index.php?rest_route=%2Fwp%2Fv2%2Fproduct_brand&post=10941"},{"taxonomy":"product_cat","embeddable":true,"href":"https:\/\/aramiso-test.verteco.app\/index.php?rest_route=%2Fwp%2Fv2%2Fproduct_cat&post=10941"},{"taxonomy":"product_tag","embeddable":true,"href":"https:\/\/aramiso-test.verteco.app\/index.php?rest_route=%2Fwp%2Fv2%2Fproduct_tag&post=10941"}],"curies":[{"name":"wp","href":"https:\/\/api.w.org\/{rel}","templated":true}]}}