{"id":10910,"date":"2025-08-03T12:28:22","date_gmt":"2025-08-03T12:28:22","guid":{"rendered":"https:\/\/aramiso-test.verteco.app\/?product=trubka-nerezova-svova-13"},"modified":"2025-08-03T12:28:32","modified_gmt":"2025-08-03T12:28:32","slug":"trubka-nerezova-svova-13","status":"publish","type":"product","link":"https:\/\/aramiso-test.verteco.app\/?product=trubka-nerezova-svova-13","title":{"rendered":"Trubka nerezov\u00e1 \u0161vov\u00e1"},"content":{"rendered":"<p>Nerezov\u00e1 trubka \u0161vov\u00e1 br\u00fasen\u00e1 (brus K320) z nehrdzavej\u00facej ocele AISI 304 m\u00e1 v\u0161estrann\u00e9 vyu\u017eitie v interieri aj v exterieri a to v\u010faka svojej vysokej odolnosti vo\u010di kor\u00f3zii a oxid\u00e1cii a to ho rob\u00ed aj ide\u00e1lnou vo\u013ebou pre aplik\u00e1cie, kde je potrebn\u00e1 vysok\u00e1 odolnos\u0165 a trvanlivos\u0165. Profil je vyr\u00e1ban\u00fd v tolerancii T4\/D4, ktor\u00e1 zabezpe\u010duje vy\u0161\u0161iu presnos\u0165 t\u00fdkaj\u00facu sa hrubky materi\u00e1lu.<br \/>\n\u0160tandardne sa vyu\u017e\u00edva pri v\u00fdrobe st\u013apikov a madiel, ktor\u00e9 s\u00fa z\u00e1kladom modern\u00e9ho nerezov\u00e9ho z\u00e1bradlia.<\/p>\n","protected":false},"excerpt":{"rendered":"<p>Materi\u00e1l: Nerez AISI 304, Povrchov\u00e1 \u00faprava: Brus, St\u013apik: D42,4&#215;2, L: 3000, Madlo: D42,4&#215;2, t: 2, D: 42,4<\/p>\n","protected":false},"featured_media":0,"comment_status":"closed","ping_status":"open","template":"","meta":[],"product_brand":[],"product_cat":[15],"product_tag":[],"class_list":{"0":"post-10910","1":"product","2":"type-product","3":"status-publish","5":"product_cat-uncategorized","7":"first","8":"onbackorder","9":"sale","10":"purchasable","11":"product-type-simple"},"_links":{"self":[{"href":"https:\/\/aramiso-test.verteco.app\/index.php?rest_route=\/wp\/v2\/product\/10910","targetHints":{"allow":["GET"]}}],"collection":[{"href":"https:\/\/aramiso-test.verteco.app\/index.php?rest_route=\/wp\/v2\/product"}],"about":[{"href":"https:\/\/aramiso-test.verteco.app\/index.php?rest_route=\/wp\/v2\/types\/product"}],"replies":[{"embeddable":true,"href":"https:\/\/aramiso-test.verteco.app\/index.php?rest_route=%2Fwp%2Fv2%2Fcomments&post=10910"}],"wp:attachment":[{"href":"https:\/\/aramiso-test.verteco.app\/index.php?rest_route=%2Fwp%2Fv2%2Fmedia&parent=10910"}],"wp:term":[{"taxonomy":"product_brand","embeddable":true,"href":"https:\/\/aramiso-test.verteco.app\/index.php?rest_route=%2Fwp%2Fv2%2Fproduct_brand&post=10910"},{"taxonomy":"product_cat","embeddable":true,"href":"https:\/\/aramiso-test.verteco.app\/index.php?rest_route=%2Fwp%2Fv2%2Fproduct_cat&post=10910"},{"taxonomy":"product_tag","embeddable":true,"href":"https:\/\/aramiso-test.verteco.app\/index.php?rest_route=%2Fwp%2Fv2%2Fproduct_tag&post=10910"}],"curies":[{"name":"wp","href":"https:\/\/api.w.org\/{rel}","templated":true}]}}