{"id":10896,"date":"2025-08-31T11:06:53","date_gmt":"2025-08-31T11:06:53","guid":{"rendered":"https:\/\/aramiso-test.verteco.app\/?product=drevene-madlo-dub-cink"},"modified":"2025-08-31T11:06:53","modified_gmt":"2025-08-31T11:06:53","slug":"drevene-madlo-dub-cink","status":"publish","type":"product","link":"https:\/\/aramiso-test.verteco.app\/?product=drevene-madlo-dub-cink","title":{"rendered":"Dreven\u00e9 madlo &#8211; DUB, CINK"},"content":{"rendered":"<p>Madlo dub D50mm, L3000mm, madlo m\u00f4\u017ee by\u0165 spajane z viacer\u00fdch \u010dast\u00ed &#8211; CINK, balen\u00e9 v ochrannom ruk\u00e1ve. Bez povrchovej \u00fapravy.  Doporu\u010den\u00e9 pr\u00edslu\u0161enstvo: ukon\u010denia madiel, prechody gu\u013eov\u00e9 a kolen\u00e1<\/p>\n","protected":false},"excerpt":{"rendered":"<p>Materi\u00e1l: Drevo Dub &#8211; CINK, Povrchov\u00e1 \u00faprava: Natural, L: 3000, Madlo: D50 &#8211; pln\u00fd, D: 50<\/p>\n","protected":false},"featured_media":0,"comment_status":"closed","ping_status":"open","template":"","meta":[],"product_brand":[],"product_cat":[15],"product_tag":[],"class_list":{"0":"post-10896","1":"product","2":"type-product","3":"status-publish","5":"product_cat-uncategorized","7":"first","8":"onbackorder","9":"sale","10":"purchasable","11":"product-type-simple"},"_links":{"self":[{"href":"https:\/\/aramiso-test.verteco.app\/index.php?rest_route=\/wp\/v2\/product\/10896","targetHints":{"allow":["GET"]}}],"collection":[{"href":"https:\/\/aramiso-test.verteco.app\/index.php?rest_route=\/wp\/v2\/product"}],"about":[{"href":"https:\/\/aramiso-test.verteco.app\/index.php?rest_route=\/wp\/v2\/types\/product"}],"replies":[{"embeddable":true,"href":"https:\/\/aramiso-test.verteco.app\/index.php?rest_route=%2Fwp%2Fv2%2Fcomments&post=10896"}],"wp:attachment":[{"href":"https:\/\/aramiso-test.verteco.app\/index.php?rest_route=%2Fwp%2Fv2%2Fmedia&parent=10896"}],"wp:term":[{"taxonomy":"product_brand","embeddable":true,"href":"https:\/\/aramiso-test.verteco.app\/index.php?rest_route=%2Fwp%2Fv2%2Fproduct_brand&post=10896"},{"taxonomy":"product_cat","embeddable":true,"href":"https:\/\/aramiso-test.verteco.app\/index.php?rest_route=%2Fwp%2Fv2%2Fproduct_cat&post=10896"},{"taxonomy":"product_tag","embeddable":true,"href":"https:\/\/aramiso-test.verteco.app\/index.php?rest_route=%2Fwp%2Fv2%2Fproduct_tag&post=10896"}],"curies":[{"name":"wp","href":"https:\/\/api.w.org\/{rel}","templated":true}]}}