{"id":10888,"date":"2025-08-03T12:28:02","date_gmt":"2025-08-03T12:28:02","guid":{"rendered":"https:\/\/aramiso-test.verteco.app\/?product=madlo-drevene-buk-cink"},"modified":"2025-08-03T12:28:17","modified_gmt":"2025-08-03T12:28:17","slug":"madlo-drevene-buk-cink","status":"publish","type":"product","link":"https:\/\/aramiso-test.verteco.app\/?product=madlo-drevene-buk-cink","title":{"rendered":"Madlo dreven\u00e9 &#8211; BUK, CINK"},"content":{"rendered":"<p>Madlo buk D50mm, L3000mm, CINK 60+, bez povrchovej \u00fapravy<\/p>\n","protected":false},"excerpt":{"rendered":"<p>Materi\u00e1l: Drevo Buk &#8211; CINK, Povrchov\u00e1 \u00faprava: Natural, L: 3000, Madlo: D50 &#8211; pln\u00fd, D: 50<\/p>\n","protected":false},"featured_media":0,"comment_status":"closed","ping_status":"open","template":"","meta":[],"product_brand":[],"product_cat":[15],"product_tag":[],"class_list":{"0":"post-10888","1":"product","2":"type-product","3":"status-publish","5":"product_cat-uncategorized","7":"first","8":"onbackorder","9":"sale","10":"purchasable","11":"product-type-simple"},"_links":{"self":[{"href":"https:\/\/aramiso-test.verteco.app\/index.php?rest_route=\/wp\/v2\/product\/10888","targetHints":{"allow":["GET"]}}],"collection":[{"href":"https:\/\/aramiso-test.verteco.app\/index.php?rest_route=\/wp\/v2\/product"}],"about":[{"href":"https:\/\/aramiso-test.verteco.app\/index.php?rest_route=\/wp\/v2\/types\/product"}],"replies":[{"embeddable":true,"href":"https:\/\/aramiso-test.verteco.app\/index.php?rest_route=%2Fwp%2Fv2%2Fcomments&post=10888"}],"wp:attachment":[{"href":"https:\/\/aramiso-test.verteco.app\/index.php?rest_route=%2Fwp%2Fv2%2Fmedia&parent=10888"}],"wp:term":[{"taxonomy":"product_brand","embeddable":true,"href":"https:\/\/aramiso-test.verteco.app\/index.php?rest_route=%2Fwp%2Fv2%2Fproduct_brand&post=10888"},{"taxonomy":"product_cat","embeddable":true,"href":"https:\/\/aramiso-test.verteco.app\/index.php?rest_route=%2Fwp%2Fv2%2Fproduct_cat&post=10888"},{"taxonomy":"product_tag","embeddable":true,"href":"https:\/\/aramiso-test.verteco.app\/index.php?rest_route=%2Fwp%2Fv2%2Fproduct_tag&post=10888"}],"curies":[{"name":"wp","href":"https:\/\/api.w.org\/{rel}","templated":true}]}}