{"id":10885,"date":"2025-08-03T12:28:02","date_gmt":"2025-08-03T12:28:02","guid":{"rendered":"https:\/\/aramiso-test.verteco.app\/?product=zaslepka-seda-pvc-40x40mm"},"modified":"2025-08-03T12:28:14","modified_gmt":"2025-08-03T12:28:14","slug":"zaslepka-seda-pvc-40x40mm","status":"publish","type":"product","link":"https:\/\/aramiso-test.verteco.app\/?product=zaslepka-seda-pvc-40x40mm","title":{"rendered":"Z\u00e1slepka &#8211; \u0161ed\u00e1 PVC, 40x40mm"},"content":{"rendered":"<p>Z\u00e1slepka \u0161ed\u00e1, 40x40mm, materi\u00e1l PVC, nab\u00edjacia.<\/p>\n","protected":false},"excerpt":{"rendered":"<p>Materi\u00e1l: Plast, Vzh\u013ead: Siv\u00e1, a: 40, b: 40<\/p>\n","protected":false},"featured_media":0,"comment_status":"closed","ping_status":"open","template":"","meta":[],"product_brand":[],"product_cat":[15],"product_tag":[],"class_list":{"0":"post-10885","1":"product","2":"type-product","3":"status-publish","5":"product_cat-uncategorized","7":"first","8":"onbackorder","9":"sale","10":"purchasable","11":"product-type-simple"},"_links":{"self":[{"href":"https:\/\/aramiso-test.verteco.app\/index.php?rest_route=\/wp\/v2\/product\/10885","targetHints":{"allow":["GET"]}}],"collection":[{"href":"https:\/\/aramiso-test.verteco.app\/index.php?rest_route=\/wp\/v2\/product"}],"about":[{"href":"https:\/\/aramiso-test.verteco.app\/index.php?rest_route=\/wp\/v2\/types\/product"}],"replies":[{"embeddable":true,"href":"https:\/\/aramiso-test.verteco.app\/index.php?rest_route=%2Fwp%2Fv2%2Fcomments&post=10885"}],"wp:attachment":[{"href":"https:\/\/aramiso-test.verteco.app\/index.php?rest_route=%2Fwp%2Fv2%2Fmedia&parent=10885"}],"wp:term":[{"taxonomy":"product_brand","embeddable":true,"href":"https:\/\/aramiso-test.verteco.app\/index.php?rest_route=%2Fwp%2Fv2%2Fproduct_brand&post=10885"},{"taxonomy":"product_cat","embeddable":true,"href":"https:\/\/aramiso-test.verteco.app\/index.php?rest_route=%2Fwp%2Fv2%2Fproduct_cat&post=10885"},{"taxonomy":"product_tag","embeddable":true,"href":"https:\/\/aramiso-test.verteco.app\/index.php?rest_route=%2Fwp%2Fv2%2Fproduct_tag&post=10885"}],"curies":[{"name":"wp","href":"https:\/\/api.w.org\/{rel}","templated":true}]}}