{"id":10875,"date":"2025-08-03T12:27:01","date_gmt":"2025-08-03T12:27:01","guid":{"rendered":"https:\/\/aramiso-test.verteco.app\/?product=prechod-madla-spojka-drevo-2"},"modified":"2025-08-03T12:27:21","modified_gmt":"2025-08-03T12:27:21","slug":"prechod-madla-spojka-drevo-2","status":"publish","type":"product","link":"https:\/\/aramiso-test.verteco.app\/?product=prechod-madla-spojka-drevo-2","title":{"rendered":"Prechod madla &#8211; spojka &#8211; drevo"},"content":{"rendered":"<p>Nerezov\u00e1 spojka (prechod) na dreven\u00e9 madlo.  Potrebn\u00e9 pou\u017ei\u0165 s A20\/0729-042-S alebo A20\/0729-042-S1.<\/p>\n","protected":false},"excerpt":{"rendered":"<p>Nerezov\u00e1 spojka (prechod) na dreven\u00e9 madlo. Potrebn\u00e9 pou\u017ei\u0165 s A20\/0729-042-S alebo A20\/0729-042-S1.<\/p>\n","protected":false},"featured_media":0,"comment_status":"closed","ping_status":"open","template":"","meta":[],"product_brand":[],"product_cat":[15],"product_tag":[],"class_list":{"0":"post-10875","1":"product","2":"type-product","3":"status-publish","5":"product_cat-uncategorized","7":"first","8":"onbackorder","9":"sale","10":"purchasable","11":"product-type-simple"},"_links":{"self":[{"href":"https:\/\/aramiso-test.verteco.app\/index.php?rest_route=\/wp\/v2\/product\/10875","targetHints":{"allow":["GET"]}}],"collection":[{"href":"https:\/\/aramiso-test.verteco.app\/index.php?rest_route=\/wp\/v2\/product"}],"about":[{"href":"https:\/\/aramiso-test.verteco.app\/index.php?rest_route=\/wp\/v2\/types\/product"}],"replies":[{"embeddable":true,"href":"https:\/\/aramiso-test.verteco.app\/index.php?rest_route=%2Fwp%2Fv2%2Fcomments&post=10875"}],"wp:attachment":[{"href":"https:\/\/aramiso-test.verteco.app\/index.php?rest_route=%2Fwp%2Fv2%2Fmedia&parent=10875"}],"wp:term":[{"taxonomy":"product_brand","embeddable":true,"href":"https:\/\/aramiso-test.verteco.app\/index.php?rest_route=%2Fwp%2Fv2%2Fproduct_brand&post=10875"},{"taxonomy":"product_cat","embeddable":true,"href":"https:\/\/aramiso-test.verteco.app\/index.php?rest_route=%2Fwp%2Fv2%2Fproduct_cat&post=10875"},{"taxonomy":"product_tag","embeddable":true,"href":"https:\/\/aramiso-test.verteco.app\/index.php?rest_route=%2Fwp%2Fv2%2Fproduct_tag&post=10875"}],"curies":[{"name":"wp","href":"https:\/\/api.w.org\/{rel}","templated":true}]}}