{"id":10866,"date":"2025-10-26T12:30:20","date_gmt":"2025-10-26T12:30:20","guid":{"rendered":"https:\/\/aramiso-test.verteco.app\/?product=prechod-spojka-vyplne-3"},"modified":"2025-10-26T12:30:25","modified_gmt":"2025-10-26T12:30:25","slug":"prechod-spojka-vyplne-3","status":"publish","type":"product","link":"https:\/\/aramiso-test.verteco.app\/?product=prechod-spojka-vyplne-3","title":{"rendered":"Prechod &#8211; spojka v\u00fdplne"},"content":{"rendered":"<p>Nerezov\u00e1 spojka (prechod) v\u00fdplne je prvok pou\u017e\u00edvan\u00fd na estetick\u00fd a funk\u010dn\u00fd prechod medzi dvoma v\u00fdpl\u0148ami. M\u00f4\u017ee ma\u0165 r\u00f4zne tvary a dizajny, ktor\u00e9 s\u00fa navrhnut\u00e9 tak, aby esteticky prech\u00e1dzali medzi dvomi povrchmi. Mont\u00e1\u017e prechodnej nerezovej v\u00fdplne je jednoduch\u00e1, m\u00f4\u017ee by\u0165 vykonan\u00e1 pomocou lepen\u00e9ho spoja. D\u00f4le\u017eit\u00fdm aspektom prechodu nerezovej v\u00fdplne je jeho estetick\u00fd vzh\u013ead, ktor\u00fd by mal ladi\u0165 s okolit\u00fdm prostred\u00edm a prispieva\u0165 k celkov\u00e9mu dizajnu. Prechodn\u00e1 nerezov\u00e1 v\u00fdpl\u0148 je d\u00f4le\u017eit\u00fdm dizajnov\u00fdm prvkom, ktor\u00fd prid\u00e1va hodnotu a \u0161t\u00fdl r\u00f4znym kon\u0161trukci\u00e1m.<\/p>\n","protected":false},"excerpt":{"rendered":"<p>Materi\u00e1l: Nerez AISI 316, Povrchov\u00e1 \u00faprava: Lesk, V\u00fdpl\u0148: d12, Phi: 12&#215;1,5<\/p>\n","protected":false},"featured_media":0,"comment_status":"closed","ping_status":"open","template":"","meta":[],"product_brand":[],"product_cat":[15],"product_tag":[],"class_list":{"0":"post-10866","1":"product","2":"type-product","3":"status-publish","5":"product_cat-uncategorized","7":"first","8":"onbackorder","9":"sale","10":"purchasable","11":"product-type-simple"},"_links":{"self":[{"href":"https:\/\/aramiso-test.verteco.app\/index.php?rest_route=\/wp\/v2\/product\/10866","targetHints":{"allow":["GET"]}}],"collection":[{"href":"https:\/\/aramiso-test.verteco.app\/index.php?rest_route=\/wp\/v2\/product"}],"about":[{"href":"https:\/\/aramiso-test.verteco.app\/index.php?rest_route=\/wp\/v2\/types\/product"}],"replies":[{"embeddable":true,"href":"https:\/\/aramiso-test.verteco.app\/index.php?rest_route=%2Fwp%2Fv2%2Fcomments&post=10866"}],"wp:attachment":[{"href":"https:\/\/aramiso-test.verteco.app\/index.php?rest_route=%2Fwp%2Fv2%2Fmedia&parent=10866"}],"wp:term":[{"taxonomy":"product_brand","embeddable":true,"href":"https:\/\/aramiso-test.verteco.app\/index.php?rest_route=%2Fwp%2Fv2%2Fproduct_brand&post=10866"},{"taxonomy":"product_cat","embeddable":true,"href":"https:\/\/aramiso-test.verteco.app\/index.php?rest_route=%2Fwp%2Fv2%2Fproduct_cat&post=10866"},{"taxonomy":"product_tag","embeddable":true,"href":"https:\/\/aramiso-test.verteco.app\/index.php?rest_route=%2Fwp%2Fv2%2Fproduct_tag&post=10866"}],"curies":[{"name":"wp","href":"https:\/\/api.w.org\/{rel}","templated":true}]}}