{"id":10844,"date":"2025-08-03T12:26:48","date_gmt":"2025-08-03T12:26:48","guid":{"rendered":"https:\/\/aramiso-test.verteco.app\/?product=prechod-madla-krizovy-2"},"modified":"2025-08-03T12:26:53","modified_gmt":"2025-08-03T12:26:53","slug":"prechod-madla-krizovy-2","status":"publish","type":"product","link":"https:\/\/aramiso-test.verteco.app\/?product=prechod-madla-krizovy-2","title":{"rendered":"Prechod madla kr\u00ed\u017eov\u00fd"},"content":{"rendered":"<p>Kr\u00ed\u017eov\u00fd prechod madla na st\u013apik je \u0161pecifick\u00fd typ spoja, ktor\u00fd umo\u017e\u0148uje prepojenia madla a zarove\u0148 jeho pripojenie k vertik\u00e1lnemu st\u013apiku z\u00e1bradlia tak, aby sa madlo kr\u00ed\u017eilo alebo stret\u00e1valo so st\u013apikom pod uhlom, obvykle 90 stup\u0148ov. Tento typ prechodu je be\u017ene pou\u017e\u00edvan\u00fd v r\u00f4znych typoch z\u00e1bradl\u00ed, \u010di u\u017e v interi\u00e9roch alebo exteri\u00e9roch, kde je potrebn\u00e9 bezpe\u010dn\u00e9 a estetick\u00e9 upevnenie madla k podporn\u00fdm st\u013apikom. Zabezpe\u010duje \u010dist\u00fd a vizu\u00e1lne pr\u00edjemn\u00fd prechod medzi madlom a st\u013apikom, \u010do prispieva k celkov\u00e9mu vzh\u013eadu z\u00e1bradlia. Zais\u0165uje pevn\u00e9 a stabiln\u00e9 spojenie madla so st\u013apikom, \u010d\u00edm minimalizuje riziko pohybu alebo uvo\u013enenia madla. Umo\u017e\u0148uje jednoduch\u00fa in\u0161tal\u00e1ciu a \u00fadr\u017ebu z\u00e1bradlia, pri\u010dom poskytuje spo\u013eahliv\u00e9 spojenie medzi madlom a nosnou kon\u0161trukciou. Pou\u017e\u00edvaj\u00fa sa na miestach, kde sa madlo stret\u00e1va z viacer\u00fdch str\u00e1n a taktie\u017e aj so st\u013apikom, \u010d\u00edm sa zais\u0165uje pevn\u00e9 spojenie medzi horizont\u00e1lnymi a vertik\u00e1lnymi \u010das\u0165ami z\u00e1bradlia.<\/p>\n","protected":false},"excerpt":{"rendered":"<p>Materi\u00e1l: Nerez AISI 304, Povrchov\u00e1 \u00faprava: Brus, St\u013apik: D42,4&#215;2, Madlo: D42,4&#215;2, H: 30, Phi: 42,4&#215;2,0<\/p>\n","protected":false},"featured_media":0,"comment_status":"closed","ping_status":"open","template":"","meta":[],"product_brand":[],"product_cat":[15],"product_tag":[],"class_list":{"0":"post-10844","1":"product","2":"type-product","3":"status-publish","5":"product_cat-uncategorized","7":"first","8":"onbackorder","9":"sale","10":"purchasable","11":"product-type-simple"},"_links":{"self":[{"href":"https:\/\/aramiso-test.verteco.app\/index.php?rest_route=\/wp\/v2\/product\/10844","targetHints":{"allow":["GET"]}}],"collection":[{"href":"https:\/\/aramiso-test.verteco.app\/index.php?rest_route=\/wp\/v2\/product"}],"about":[{"href":"https:\/\/aramiso-test.verteco.app\/index.php?rest_route=\/wp\/v2\/types\/product"}],"replies":[{"embeddable":true,"href":"https:\/\/aramiso-test.verteco.app\/index.php?rest_route=%2Fwp%2Fv2%2Fcomments&post=10844"}],"wp:attachment":[{"href":"https:\/\/aramiso-test.verteco.app\/index.php?rest_route=%2Fwp%2Fv2%2Fmedia&parent=10844"}],"wp:term":[{"taxonomy":"product_brand","embeddable":true,"href":"https:\/\/aramiso-test.verteco.app\/index.php?rest_route=%2Fwp%2Fv2%2Fproduct_brand&post=10844"},{"taxonomy":"product_cat","embeddable":true,"href":"https:\/\/aramiso-test.verteco.app\/index.php?rest_route=%2Fwp%2Fv2%2Fproduct_cat&post=10844"},{"taxonomy":"product_tag","embeddable":true,"href":"https:\/\/aramiso-test.verteco.app\/index.php?rest_route=%2Fwp%2Fv2%2Fproduct_tag&post=10844"}],"curies":[{"name":"wp","href":"https:\/\/api.w.org\/{rel}","templated":true}]}}