{"id":10816,"date":"2025-08-03T12:26:36","date_gmt":"2025-08-03T12:26:36","guid":{"rendered":"https:\/\/aramiso-test.verteco.app\/?product=drziak-madla-na-stlpik-nastavitelny-3"},"modified":"2025-08-03T12:26:36","modified_gmt":"2025-08-03T12:26:36","slug":"drziak-madla-na-stlpik-nastavitelny-3","status":"publish","type":"product","link":"https:\/\/aramiso-test.verteco.app\/?product=drziak-madla-na-stlpik-nastavitelny-3","title":{"rendered":"Dr\u017eiak madla na st\u013apik &#8211; nastavite\u013en\u00fd"},"content":{"rendered":"<p>Dr\u017eiak madla na st\u013apik je praktick\u00fdm a estetick\u00fdm rie\u0161en\u00edm pre podporu a upevnenie madla na vertik\u00e1lnych povrchoch, ako je st\u013ap. Tento druh dr\u017eiaka madla sa vyzna\u010duje t\u00fdm, \u017ee sa be\u017ene pripev\u0148uje pomocou lepidla, \u010d\u00edm umo\u017e\u0148uje bezv\u0155taciu mont\u00e1\u017e. Nastavite\u013ena vani\u010dka umo\u017e\u0148uje nastavenie sklonu madla, v\u010faka \u010domu je mo\u017ene ho pou\u017ei\u0165 nie len na rovine ale aj pri aplik\u00e1cii pod uhlom ako napr\u00edklad na schodoch. Pri v\u00fdbere dr\u017eiaka je d\u00f4le\u017eit\u00e9 zv\u00e1\u017ei\u0165 materi\u00e1l, dizajn, funk\u010dnos\u0165 a kompatibilitu s ostatn\u00fdmi prvkami interi\u00e9ru alebo exteri\u00e9ru.<\/p>\n","protected":false},"excerpt":{"rendered":"<p>Materi\u00e1l: Nerez AISI 316, Povrchov\u00e1 \u00faprava: Brus, St\u013apik: 40x40x2, Madlo: D42,4<\/p>\n","protected":false},"featured_media":0,"comment_status":"closed","ping_status":"open","template":"","meta":[],"product_brand":[],"product_cat":[15],"product_tag":[],"class_list":{"0":"post-10816","1":"product","2":"type-product","3":"status-publish","5":"product_cat-uncategorized","7":"first","8":"onbackorder","9":"sale","10":"purchasable","11":"product-type-simple"},"_links":{"self":[{"href":"https:\/\/aramiso-test.verteco.app\/index.php?rest_route=\/wp\/v2\/product\/10816","targetHints":{"allow":["GET"]}}],"collection":[{"href":"https:\/\/aramiso-test.verteco.app\/index.php?rest_route=\/wp\/v2\/product"}],"about":[{"href":"https:\/\/aramiso-test.verteco.app\/index.php?rest_route=\/wp\/v2\/types\/product"}],"replies":[{"embeddable":true,"href":"https:\/\/aramiso-test.verteco.app\/index.php?rest_route=%2Fwp%2Fv2%2Fcomments&post=10816"}],"wp:attachment":[{"href":"https:\/\/aramiso-test.verteco.app\/index.php?rest_route=%2Fwp%2Fv2%2Fmedia&parent=10816"}],"wp:term":[{"taxonomy":"product_brand","embeddable":true,"href":"https:\/\/aramiso-test.verteco.app\/index.php?rest_route=%2Fwp%2Fv2%2Fproduct_brand&post=10816"},{"taxonomy":"product_cat","embeddable":true,"href":"https:\/\/aramiso-test.verteco.app\/index.php?rest_route=%2Fwp%2Fv2%2Fproduct_cat&post=10816"},{"taxonomy":"product_tag","embeddable":true,"href":"https:\/\/aramiso-test.verteco.app\/index.php?rest_route=%2Fwp%2Fv2%2Fproduct_tag&post=10816"}],"curies":[{"name":"wp","href":"https:\/\/api.w.org\/{rel}","templated":true}]}}