{"id":10749,"date":"2025-08-03T12:24:35","date_gmt":"2025-08-03T12:24:35","guid":{"rendered":"https:\/\/aramiso-test.verteco.app\/?product=drziak-vyplne-spojka-5"},"modified":"2025-08-03T12:24:45","modified_gmt":"2025-08-03T12:24:45","slug":"drziak-vyplne-spojka-5","status":"publish","type":"product","link":"https:\/\/aramiso-test.verteco.app\/?product=drziak-vyplne-spojka-5","title":{"rendered":"Dr\u017eiak v\u00fdplne &#8211; spojka"},"content":{"rendered":"<p>Nerezov\u00fd dr\u017eiak v\u00fdplne je kon\u0161truk\u010dn\u00fd prvok, ktor\u00fd sl\u00fa\u017ei na upevnenie v\u00fdplne do kon\u0161trukcie. Zvy\u010dajne vyu\u017e\u00edvan\u00fd pre uchytenie kruhovej v\u00fdplne zabradl\u00ed, ktor\u00e1 je uchyten\u00e1 na stlpik. Prep\u00e1jaci dr\u017eiak v\u00fdplne je d\u00f4le\u017eit\u00fdm prvkom v kon\u0161trukcii, preto\u017ee sl\u00fa\u017ei ako spojka pre v\u00fdpl\u0148, ktor\u00e1 zabezpe\u010duje pevn\u00e9 prepojenie v\u00fdplne, a z\u00e1rove\u0148 prispieva k celkov\u00e9mu vzh\u013eadu a funk\u010dnosti kon\u0161trukcie.<\/p>\n","protected":false},"excerpt":{"rendered":"<p>Materi\u00e1l: Nerez AISI 304, Povrchov\u00e1 \u00faprava: Brus, V\u00fdpl\u0148: d12, St\u013apik: flat, Phi: flat, d: 12<\/p>\n","protected":false},"featured_media":0,"comment_status":"closed","ping_status":"open","template":"","meta":[],"product_brand":[],"product_cat":[15],"product_tag":[],"class_list":{"0":"post-10749","1":"product","2":"type-product","3":"status-publish","5":"product_cat-uncategorized","7":"first","8":"onbackorder","9":"sale","10":"purchasable","11":"product-type-simple"},"_links":{"self":[{"href":"https:\/\/aramiso-test.verteco.app\/index.php?rest_route=\/wp\/v2\/product\/10749","targetHints":{"allow":["GET"]}}],"collection":[{"href":"https:\/\/aramiso-test.verteco.app\/index.php?rest_route=\/wp\/v2\/product"}],"about":[{"href":"https:\/\/aramiso-test.verteco.app\/index.php?rest_route=\/wp\/v2\/types\/product"}],"replies":[{"embeddable":true,"href":"https:\/\/aramiso-test.verteco.app\/index.php?rest_route=%2Fwp%2Fv2%2Fcomments&post=10749"}],"wp:attachment":[{"href":"https:\/\/aramiso-test.verteco.app\/index.php?rest_route=%2Fwp%2Fv2%2Fmedia&parent=10749"}],"wp:term":[{"taxonomy":"product_brand","embeddable":true,"href":"https:\/\/aramiso-test.verteco.app\/index.php?rest_route=%2Fwp%2Fv2%2Fproduct_brand&post=10749"},{"taxonomy":"product_cat","embeddable":true,"href":"https:\/\/aramiso-test.verteco.app\/index.php?rest_route=%2Fwp%2Fv2%2Fproduct_cat&post=10749"},{"taxonomy":"product_tag","embeddable":true,"href":"https:\/\/aramiso-test.verteco.app\/index.php?rest_route=%2Fwp%2Fv2%2Fproduct_tag&post=10749"}],"curies":[{"name":"wp","href":"https:\/\/api.w.org\/{rel}","templated":true}]}}