{"id":10696,"date":"2025-08-03T12:24:02","date_gmt":"2025-08-03T12:24:02","guid":{"rendered":"https:\/\/aramiso-test.verteco.app\/?product=drziak-vyplne-skla-set-24"},"modified":"2025-08-03T12:24:03","modified_gmt":"2025-08-03T12:24:03","slug":"drziak-vyplne-skla-set-24","status":"publish","type":"product","link":"https:\/\/aramiso-test.verteco.app\/?product=drziak-vyplne-skla-set-24","title":{"rendered":"Dr\u017eiak v\u00fdplne skla &#8211; set"},"content":{"rendered":"<p>SET4 obsahuje 4ks drziak skla v rozobratom stave + 8ks skrutky A2 DIN7991 M6x20 + 8ks krytky PVC farba siva na prekrytie skrutiek A2 DIN7991 M6x20 + 4ks skrutky A2 DIN 7380 M8x20. Drziak vyplne skla (plechu, tabu\u013eovej vyplne). Dr\u017eanie skla (poistenie vo\u010di vypadnutiu): zverny spoj (doporucene pouzitie pri vrchnom kotveni) alebo zverny spoj + kolik (doporucene pouzitie pre bocne kotvenie) alebo zverny spoj + bezpe\u010dnostn\u00e1 platnicka (doporucene pouzitie pre bocne kotvenie). Dr\u017eiak neobsahuje tesnenie (nutnost dokupit 2ks tesneni podla hrubky skla) a krytky pre skrutky.<\/p>\n","protected":false},"excerpt":{"rendered":"<p>Materi\u00e1l: Nerez AISI 304, Povrchov\u00e1 \u00faprava: Brus, Glass t: 12\/12,76\/13,52\/16,76\/17,52, St\u013apik: D42,4, Model: Model 24, Phi: 42,4<\/p>\n","protected":false},"featured_media":0,"comment_status":"closed","ping_status":"open","template":"","meta":[],"product_brand":[],"product_cat":[15],"product_tag":[],"class_list":{"0":"post-10696","1":"product","2":"type-product","3":"status-publish","5":"product_cat-uncategorized","7":"first","8":"onbackorder","9":"sale","10":"purchasable","11":"product-type-simple"},"_links":{"self":[{"href":"https:\/\/aramiso-test.verteco.app\/index.php?rest_route=\/wp\/v2\/product\/10696","targetHints":{"allow":["GET"]}}],"collection":[{"href":"https:\/\/aramiso-test.verteco.app\/index.php?rest_route=\/wp\/v2\/product"}],"about":[{"href":"https:\/\/aramiso-test.verteco.app\/index.php?rest_route=\/wp\/v2\/types\/product"}],"replies":[{"embeddable":true,"href":"https:\/\/aramiso-test.verteco.app\/index.php?rest_route=%2Fwp%2Fv2%2Fcomments&post=10696"}],"wp:attachment":[{"href":"https:\/\/aramiso-test.verteco.app\/index.php?rest_route=%2Fwp%2Fv2%2Fmedia&parent=10696"}],"wp:term":[{"taxonomy":"product_brand","embeddable":true,"href":"https:\/\/aramiso-test.verteco.app\/index.php?rest_route=%2Fwp%2Fv2%2Fproduct_brand&post=10696"},{"taxonomy":"product_cat","embeddable":true,"href":"https:\/\/aramiso-test.verteco.app\/index.php?rest_route=%2Fwp%2Fv2%2Fproduct_cat&post=10696"},{"taxonomy":"product_tag","embeddable":true,"href":"https:\/\/aramiso-test.verteco.app\/index.php?rest_route=%2Fwp%2Fv2%2Fproduct_tag&post=10696"}],"curies":[{"name":"wp","href":"https:\/\/api.w.org\/{rel}","templated":true}]}}