{"id":10600,"date":"2025-10-26T12:28:09","date_gmt":"2025-10-26T12:28:09","guid":{"rendered":"https:\/\/aramiso-test.verteco.app\/?product=prechod-madla-spojka-madla"},"modified":"2025-10-26T12:28:16","modified_gmt":"2025-10-26T12:28:16","slug":"prechod-madla-spojka-madla","status":"publish","type":"product","link":"https:\/\/aramiso-test.verteco.app\/?product=prechod-madla-spojka-madla","title":{"rendered":"Prechod madla- spojka madla"},"content":{"rendered":"<p>Prechod madla alebo spojka madla sa pou\u017e\u00edva na spojenie dvoch \u010dast\u00ed madla alebo rukov\u00e4te, \u010do umo\u017e\u0148uje pred\u013a\u017eenie alebo vytvorenie jedn\u00e9ho dlh\u0161ieho madla. Tento druh spojky sa vyzna\u010duje t\u00fdm, \u017ee zabezpe\u010duje pevn\u00e9 a spo\u013eahliv\u00e9 spojenie medzi dvoma \u010das\u0165ami madla, \u010d\u00edm umo\u017e\u0148uje plynul\u00e9 pokra\u010dovanie rukov\u00e4te. Spojenie s madlom je dosiahnut\u00e9 prostredn\u00edctvom lepen\u00e9ho spoja.<\/p>\n","protected":false},"excerpt":{"rendered":"<p>Materi\u00e1l: Nerez AISI 304, Povrchov\u00e1 \u00faprava: Brus, St\u013apik: 40x40x2, Madlo: 40x40x2<\/p>\n","protected":false},"featured_media":0,"comment_status":"closed","ping_status":"open","template":"","meta":[],"product_brand":[],"product_cat":[15],"product_tag":[],"class_list":{"0":"post-10600","1":"product","2":"type-product","3":"status-publish","5":"product_cat-uncategorized","7":"first","8":"onbackorder","9":"sale","10":"purchasable","11":"product-type-simple"},"_links":{"self":[{"href":"https:\/\/aramiso-test.verteco.app\/index.php?rest_route=\/wp\/v2\/product\/10600","targetHints":{"allow":["GET"]}}],"collection":[{"href":"https:\/\/aramiso-test.verteco.app\/index.php?rest_route=\/wp\/v2\/product"}],"about":[{"href":"https:\/\/aramiso-test.verteco.app\/index.php?rest_route=\/wp\/v2\/types\/product"}],"replies":[{"embeddable":true,"href":"https:\/\/aramiso-test.verteco.app\/index.php?rest_route=%2Fwp%2Fv2%2Fcomments&post=10600"}],"wp:attachment":[{"href":"https:\/\/aramiso-test.verteco.app\/index.php?rest_route=%2Fwp%2Fv2%2Fmedia&parent=10600"}],"wp:term":[{"taxonomy":"product_brand","embeddable":true,"href":"https:\/\/aramiso-test.verteco.app\/index.php?rest_route=%2Fwp%2Fv2%2Fproduct_brand&post=10600"},{"taxonomy":"product_cat","embeddable":true,"href":"https:\/\/aramiso-test.verteco.app\/index.php?rest_route=%2Fwp%2Fv2%2Fproduct_cat&post=10600"},{"taxonomy":"product_tag","embeddable":true,"href":"https:\/\/aramiso-test.verteco.app\/index.php?rest_route=%2Fwp%2Fv2%2Fproduct_tag&post=10600"}],"curies":[{"name":"wp","href":"https:\/\/api.w.org\/{rel}","templated":true}]}}