{"id":10584,"date":"2025-09-03T11:06:43","date_gmt":"2025-09-03T11:06:43","guid":{"rendered":"https:\/\/aramiso-test.verteco.app\/?product=kompl-system-came-zavora-24v-8m"},"modified":"2025-09-03T11:06:46","modified_gmt":"2025-09-03T11:06:46","slug":"kompl-system-came-zavora-24v-8m","status":"publish","type":"product","link":"https:\/\/aramiso-test.verteco.app\/?product=kompl-system-came-zavora-24v-8m","title":{"rendered":"Kompl. syst\u00e9m CAME &#8211; z\u00e1vora 24V, 8m"},"content":{"rendered":"<p><iframe width=\"560\" height=\"315\" src=\"https:\/\/www.youtube.com\/embed\/Lf-rxXmQyew?si=Kyh2pD-rUgCAHXqm\" frameborder=\"0\" allowfullscreen><\/iframe><\/p>\n","protected":false},"excerpt":{"rendered":"<p>Zna\u010dka: Came, Frekvencia (MHz): 433, Typ k\u00f3du: Rolling, Nap\u00e1janie motora: AC 230V, V\u00fdkon: 300W, Sila: 600Nm, Master\/Slave: \u00c1no, Stupe\u0148 ochrany: IP54, Cykly\/hod: 160, Enk\u00f3der: \u00c1no<\/p>\n","protected":false},"featured_media":0,"comment_status":"closed","ping_status":"open","template":"","meta":[],"product_brand":[],"product_cat":[15],"product_tag":[],"class_list":{"0":"post-10584","1":"product","2":"type-product","3":"status-publish","5":"product_cat-uncategorized","7":"first","8":"onbackorder","9":"sale","10":"purchasable","11":"product-type-simple"},"_links":{"self":[{"href":"https:\/\/aramiso-test.verteco.app\/index.php?rest_route=\/wp\/v2\/product\/10584","targetHints":{"allow":["GET"]}}],"collection":[{"href":"https:\/\/aramiso-test.verteco.app\/index.php?rest_route=\/wp\/v2\/product"}],"about":[{"href":"https:\/\/aramiso-test.verteco.app\/index.php?rest_route=\/wp\/v2\/types\/product"}],"replies":[{"embeddable":true,"href":"https:\/\/aramiso-test.verteco.app\/index.php?rest_route=%2Fwp%2Fv2%2Fcomments&post=10584"}],"wp:attachment":[{"href":"https:\/\/aramiso-test.verteco.app\/index.php?rest_route=%2Fwp%2Fv2%2Fmedia&parent=10584"}],"wp:term":[{"taxonomy":"product_brand","embeddable":true,"href":"https:\/\/aramiso-test.verteco.app\/index.php?rest_route=%2Fwp%2Fv2%2Fproduct_brand&post=10584"},{"taxonomy":"product_cat","embeddable":true,"href":"https:\/\/aramiso-test.verteco.app\/index.php?rest_route=%2Fwp%2Fv2%2Fproduct_cat&post=10584"},{"taxonomy":"product_tag","embeddable":true,"href":"https:\/\/aramiso-test.verteco.app\/index.php?rest_route=%2Fwp%2Fv2%2Fproduct_tag&post=10584"}],"curies":[{"name":"wp","href":"https:\/\/api.w.org\/{rel}","templated":true}]}}